{"id":1047,"date":"2018-05-23T17:42:52","date_gmt":"2018-05-23T15:42:52","guid":{"rendered":"http:\/\/periodisme-dades.uoc.edu\/?page_id=1047"},"modified":"2018-06-19T08:34:40","modified_gmt":"2018-06-19T06:34:40","slug":"6-1-2-contexto","status":"publish","type":"page","link":"http:\/\/periodisme-dades.recursos.uoc.edu\/es\/6-1-2-contexto\/","title":{"rendered":"6.1.2. Contexto"},"content":{"rendered":"<p>Las redes sociales en internet son un lugar importante dentro del ecosistema de medios, donde se distribuyen, y a veces se crean, las noticias. De entre ellas, Twitter se ha configurado como la plataforma de microblogging m\u00e1s popular. Se ha convertido en lugar donde informarse (y a veces desinformarse). La apertura de la <a href=\"https:\/\/developer.twitter.com\/en\/docs\/api-reference-index\" target=\"_blank\" rel=\"noopener\">API de Twitter<\/a> ha permitido un acceso directo a las fuentes de informaci\u00f3n que este tipo de plataformas acumula (el otro caso es Facebook, que es mucho m\u00e1s cerrada a la hora de acceder a su informaci\u00f3n). Una API es una forma estructurada de acceder a la informaci\u00f3n que contiene una biblioteca. Analistas, acad\u00e9micos, activistas y periodistas la usan para acceder a los datos que de otra forma tendr\u00edan que comprar o \u00abscrapear\u00bb. Hay much\u00edsima literatura al respecto y multitud de art\u00edculos acad\u00e9micos desde la sociolog\u00eda, la politolog\u00eda, las ciencias de la comunicaci\u00f3n y muchas otras disciplinas que utilizan Twitter como caso de estudio por su facilidad a la hora de obtener los datos. Pero dejemos estas discusiones acad\u00e9micas de lado:<\/p>\n<p>Tu jefa te ha encargado preparar una peque\u00f1a pieza sobre uno de los <em>trending topics <\/em>de Twitter del d\u00eda. \u00bfQui\u00e9n est\u00e1 publicando sobre el tema?; \u00bfpuedes hacer una historia con ello m\u00e1s all\u00e1 de seleccionar los tuits m\u00e1s retuiteados? Multitud de noticias hablan de las injerencias en Twitter de Rusia o Venezuela. \u00bfC\u00f3mo hacen los an\u00e1lisis?; \u00bfc\u00f3mo capturan los datos?<\/p>\n<p>Vale, hemos dicho que ahora Twitter lo ha puesto f\u00e1cil para descargarse sus tuits, pero \u00bfpor d\u00f3nde empezar? Para este ejercicio, hemos pensado usar T-hoarder, un software libre que funciona en Python, pensado para ayudarte a interactuar con la API de una manera sencilla, sin necesidad de conocimientos de programaci\u00f3n. Con ella podr\u00e1s obtener informaci\u00f3n de Twitter a trav\u00e9s de su API, que en realidad son tres REST, <em>search<\/em> y <em>streaming<\/em>, y procesar la informaci\u00f3n obtenida para hacer visualizaciones. Dependiendo del tipo de datos que obtengamos, podremos generar un tipo de visualizaciones u otras. Con los usuarios, con sus <em>followers<\/em> y sus retuits (RT) y menciones, podemos obtener relaciones entre usuarios para hacer gr\u00e1ficos de redes (grafos) o, si analizamos la localizaci\u00f3n de los tuits, podemos hacer mapas.<\/p>\n<p><img loading=\"lazy\" class=\"aligncenter wp-image-1198 size-full\" src=\"\/wp-content\/uploads\/2018\/05\/m2860_m6_02-1.jpg\" alt=\"\" width=\"739\" height=\"231\" srcset=\"\/wp-content\/uploads\/2018\/05\/m2860_m6_02-1.jpg 739w, \/wp-content\/uploads\/2018\/05\/m2860_m6_02-1-300x94.jpg 300w\" sizes=\"(max-width: 739px) 100vw, 739px\" \/><\/p>\n","protected":false},"excerpt":{"rendered":"<p>Las redes sociales en internet son un lugar importante dentro del ecosistema de medios, donde se distribuyen, y a veces se crean, las noticias. De entre ellas, Twitter se ha configurado como la plataforma de microblogging m\u00e1s popular. Se ha convertido en lugar donde informarse (y a veces desinformarse). La apertura de la API de [&hellip;]<\/p>\n","protected":false},"author":1,"featured_media":0,"parent":0,"menu_order":0,"comment_status":"closed","ping_status":"closed","template":"","meta":[],"_links":{"self":[{"href":"http:\/\/periodisme-dades.recursos.uoc.edu\/es\/wp-json\/wp\/v2\/pages\/1047"}],"collection":[{"href":"http:\/\/periodisme-dades.recursos.uoc.edu\/es\/wp-json\/wp\/v2\/pages"}],"about":[{"href":"http:\/\/periodisme-dades.recursos.uoc.edu\/es\/wp-json\/wp\/v2\/types\/page"}],"author":[{"embeddable":true,"href":"http:\/\/periodisme-dades.recursos.uoc.edu\/es\/wp-json\/wp\/v2\/users\/1"}],"replies":[{"embeddable":true,"href":"http:\/\/periodisme-dades.recursos.uoc.edu\/es\/wp-json\/wp\/v2\/comments?post=1047"}],"version-history":[{"count":4,"href":"http:\/\/periodisme-dades.recursos.uoc.edu\/es\/wp-json\/wp\/v2\/pages\/1047\/revisions"}],"predecessor-version":[{"id":1200,"href":"http:\/\/periodisme-dades.recursos.uoc.edu\/es\/wp-json\/wp\/v2\/pages\/1047\/revisions\/1200"}],"wp:attachment":[{"href":"http:\/\/periodisme-dades.recursos.uoc.edu\/es\/wp-json\/wp\/v2\/media?parent=1047"}],"curies":[{"name":"wp","href":"https:\/\/api.w.org\/{rel}","templated":true}]}}