{"id":1051,"date":"2018-05-23T17:49:07","date_gmt":"2018-05-23T15:49:07","guid":{"rendered":"http:\/\/periodisme-dades.uoc.edu\/?page_id=1051"},"modified":"2018-06-19T08:33:52","modified_gmt":"2018-06-19T06:33:52","slug":"6-1-5-informacion-complementaria","status":"publish","type":"page","link":"http:\/\/periodisme-dades.recursos.uoc.edu\/es\/6-1-5-informacion-complementaria\/","title":{"rendered":"6.1.5. Informaci\u00f3n complementaria"},"content":{"rendered":"<ul>\n<li>Animaci\u00f3n en un mapa torque con Carto: <a href=\"http:\/\/www.barriblog.com\/2016\/08\/juegos-de-verano-spanish-starwars\/\" target=\"_blank\" rel=\"noopener\">ejemplo<\/a>.<\/li>\n<li>Obtenci\u00f3n de tuits y grafo con <a href=\"http:\/\/flocker.outliers.es\/\" target=\"_blank\" rel=\"noopener\">http:\/\/flocker.outliers.es\/<\/a>.<\/li>\n<li>Tutoriales de Gephi:\n<ul>\n<li><a href=\"https:\/\/www.slideshare.net\/gephi\/gephi-quick-start\" target=\"_blank\" rel=\"noopener\">https:\/\/www.slideshare.net\/gephi\/gephi-quick-start<\/a>.<\/li>\n<li><a href=\"https:\/\/www.slideshare.net\/gephi\/gephi-tutorial-visualization\" target=\"_blank\" rel=\"noopener\">https:\/\/www.slideshare.net\/gephi\/gephi-tutorial-visualization<\/a><u>.<\/u><\/li>\n<\/ul>\n<\/li>\n<li>Art\u00edculo sobre T-hoarder: M. Congosto, P. Basanta-Val y L. S\u00e1nchez-Fern\u00e1ndez, (2017). \u00ab<a href=\"https:\/\/www.researchgate.net\/publication\/312934126_T-Hoarder_A_Framework_to_Process_Twitter_Data_Streams\" target=\"_blank\" rel=\"noopener\">T-Hoarder: A framework to process Twitter data streams<\/a>\u00bb. <em>Journal of Network and Computer Applications<\/em> (n\u00fam. 83, p\u00e1gs. 28-39).<\/li>\n<\/ul>\n","protected":false},"excerpt":{"rendered":"<p>Animaci\u00f3n en un mapa torque con Carto: ejemplo. Obtenci\u00f3n de tuits y grafo con http:\/\/flocker.outliers.es\/. Tutoriales de Gephi: https:\/\/www.slideshare.net\/gephi\/gephi-quick-start. https:\/\/www.slideshare.net\/gephi\/gephi-tutorial-visualization. Art\u00edculo sobre T-hoarder: M. Congosto, P. Basanta-Val y L. S\u00e1nchez-Fern\u00e1ndez, (2017). \u00abT-Hoarder: A framework to process Twitter data streams\u00bb. Journal of Network and Computer Applications (n\u00fam. 83, p\u00e1gs. 28-39).<\/p>\n","protected":false},"author":1,"featured_media":0,"parent":0,"menu_order":0,"comment_status":"closed","ping_status":"closed","template":"","meta":[],"_links":{"self":[{"href":"http:\/\/periodisme-dades.recursos.uoc.edu\/es\/wp-json\/wp\/v2\/pages\/1051"}],"collection":[{"href":"http:\/\/periodisme-dades.recursos.uoc.edu\/es\/wp-json\/wp\/v2\/pages"}],"about":[{"href":"http:\/\/periodisme-dades.recursos.uoc.edu\/es\/wp-json\/wp\/v2\/types\/page"}],"author":[{"embeddable":true,"href":"http:\/\/periodisme-dades.recursos.uoc.edu\/es\/wp-json\/wp\/v2\/users\/1"}],"replies":[{"embeddable":true,"href":"http:\/\/periodisme-dades.recursos.uoc.edu\/es\/wp-json\/wp\/v2\/comments?post=1051"}],"version-history":[{"count":5,"href":"http:\/\/periodisme-dades.recursos.uoc.edu\/es\/wp-json\/wp\/v2\/pages\/1051\/revisions"}],"predecessor-version":[{"id":1062,"href":"http:\/\/periodisme-dades.recursos.uoc.edu\/es\/wp-json\/wp\/v2\/pages\/1051\/revisions\/1062"}],"wp:attachment":[{"href":"http:\/\/periodisme-dades.recursos.uoc.edu\/es\/wp-json\/wp\/v2\/media?parent=1051"}],"curies":[{"name":"wp","href":"https:\/\/api.w.org\/{rel}","templated":true}]}}