{"id":1063,"date":"2018-05-24T12:24:26","date_gmt":"2018-05-24T10:24:26","guid":{"rendered":"http:\/\/periodisme-dades.uoc.edu\/?page_id=1063"},"modified":"2018-06-19T08:34:48","modified_gmt":"2018-06-19T06:34:48","slug":"6-2-1-introduccion","status":"publish","type":"page","link":"http:\/\/periodisme-dades.recursos.uoc.edu\/es\/6-2-1-introduccion\/","title":{"rendered":"6.2.1. Introducci\u00f3n"},"content":{"rendered":"<p>Se est\u00e1 hablando mucho \u00faltimamente sobre la presencia de Airbnb en tu ciudad. Hay organizaciones ciudadanas que se empiezan a mover porque en sus barrios hay cada vez m\u00e1s turistas, y el ayuntamiento est\u00e1 pensando en regular la situaci\u00f3n. El peri\u00f3dico digital para el que trabajas ha decidido arrojar un poco de luz con un an\u00e1lisis gr\u00e1fico de los datos disponibles. \u00bfCu\u00e1l es el impacto de Airbnb en las diferentes zonas de la ciudad? \u00bfEs similar al de otras ciudades?<\/p>\n<div class=\"featured featured-grey\"><\/p>\n<p><strong>Nota<\/strong><\/p>\n<p>Este ejercicio est\u00e1 basado en la serie de talleres de an\u00e1lisis de datos del proyecto<a href=\"https:\/\/lab.montera34.com\/airbnb\/\" target=\"_blank\" rel=\"noopener\"> Efecto Airbnb<\/a> de Montera34 y en la serie de <a href=\"https:\/\/wiki.montera34.com\/airbnb\/recetas\" target=\"_blank\" rel=\"noopener\">manuales sobre an\u00e1lisis de datos de Airbnb<\/a>.<\/p>\n<p>Cosas que puedes aprender: d\u00f3nde y c\u00f3mo conseguir datos de Airbnb y otras plataformas tur\u00edsticas, limpiar y preparar un set de datos con OpenRefine, producir una cartograf\u00eda digital con el servicio Carto.<\/p>\n<p>\n<\/div>\n","protected":false},"excerpt":{"rendered":"<p>Se est\u00e1 hablando mucho \u00faltimamente sobre la presencia de Airbnb en tu ciudad. Hay organizaciones ciudadanas que se empiezan a mover porque en sus barrios hay cada vez m\u00e1s turistas, y el ayuntamiento est\u00e1 pensando en regular la situaci\u00f3n. El peri\u00f3dico digital para el que trabajas ha decidido arrojar un poco de luz con un [&hellip;]<\/p>\n","protected":false},"author":1,"featured_media":0,"parent":0,"menu_order":0,"comment_status":"closed","ping_status":"closed","template":"","meta":[],"_links":{"self":[{"href":"http:\/\/periodisme-dades.recursos.uoc.edu\/es\/wp-json\/wp\/v2\/pages\/1063"}],"collection":[{"href":"http:\/\/periodisme-dades.recursos.uoc.edu\/es\/wp-json\/wp\/v2\/pages"}],"about":[{"href":"http:\/\/periodisme-dades.recursos.uoc.edu\/es\/wp-json\/wp\/v2\/types\/page"}],"author":[{"embeddable":true,"href":"http:\/\/periodisme-dades.recursos.uoc.edu\/es\/wp-json\/wp\/v2\/users\/1"}],"replies":[{"embeddable":true,"href":"http:\/\/periodisme-dades.recursos.uoc.edu\/es\/wp-json\/wp\/v2\/comments?post=1063"}],"version-history":[{"count":4,"href":"http:\/\/periodisme-dades.recursos.uoc.edu\/es\/wp-json\/wp\/v2\/pages\/1063\/revisions"}],"predecessor-version":[{"id":1212,"href":"http:\/\/periodisme-dades.recursos.uoc.edu\/es\/wp-json\/wp\/v2\/pages\/1063\/revisions\/1212"}],"wp:attachment":[{"href":"http:\/\/periodisme-dades.recursos.uoc.edu\/es\/wp-json\/wp\/v2\/media?parent=1063"}],"curies":[{"name":"wp","href":"https:\/\/api.w.org\/{rel}","templated":true}]}}