{"id":1077,"date":"2018-05-24T13:21:19","date_gmt":"2018-05-24T11:21:19","guid":{"rendered":"http:\/\/periodisme-dades.uoc.edu\/?page_id=1077"},"modified":"2018-06-19T08:34:26","modified_gmt":"2018-06-19T06:34:26","slug":"6-3-1-introduccion","status":"publish","type":"page","link":"http:\/\/periodisme-dades.recursos.uoc.edu\/es\/6-3-1-introduccion\/","title":{"rendered":"6.3.1. Introducci\u00f3n"},"content":{"rendered":"<p>Ha surgido una urgencia para el especial sobre educaci\u00f3n. Tu serie de reportajes tendr\u00e1 que esperar otra vez. Te piden tener para dentro de dos d\u00edas un art\u00edculo para la edici\u00f3n en Euskadi sobre las diferencias entre la educaci\u00f3n p\u00fablica y privada. Los datos vienen de un informe en\u2026 PDF, as\u00ed que te toca pasar datos a limpio para poder hacer algo con ellos. No es lo mejor, pero por lo menos tienes los datos.<\/p>\n<div class=\"featured featured-grey\"><\/p>\n<p><strong>Nota<\/strong><\/p>\n<p>Este ejercicio est\u00e1 basado en el <a href=\"https:\/\/lab.montera34.com\/segregacionescolar\/\" target=\"_blank\" rel=\"noopener\">an\u00e1lisis de la segregaci\u00f3n escolar en Euskadi<\/a>.<\/p>\n<p>Aprendizajes: rescatar datos de tablas incluidas en PDF, unir datos espaciales y tablas de datos, hacer mapas de coropletas, generar mapas interactivos en D3.<\/p>\n<p>\n<\/div>\n<p>&nbsp;<\/p>\n","protected":false},"excerpt":{"rendered":"<p>Ha surgido una urgencia para el especial sobre educaci\u00f3n. Tu serie de reportajes tendr\u00e1 que esperar otra vez. Te piden tener para dentro de dos d\u00edas un art\u00edculo para la edici\u00f3n en Euskadi sobre las diferencias entre la educaci\u00f3n p\u00fablica y privada. Los datos vienen de un informe en\u2026 PDF, as\u00ed que te toca pasar [&hellip;]<\/p>\n","protected":false},"author":1,"featured_media":0,"parent":0,"menu_order":0,"comment_status":"closed","ping_status":"closed","template":"","meta":[],"_links":{"self":[{"href":"http:\/\/periodisme-dades.recursos.uoc.edu\/es\/wp-json\/wp\/v2\/pages\/1077"}],"collection":[{"href":"http:\/\/periodisme-dades.recursos.uoc.edu\/es\/wp-json\/wp\/v2\/pages"}],"about":[{"href":"http:\/\/periodisme-dades.recursos.uoc.edu\/es\/wp-json\/wp\/v2\/types\/page"}],"author":[{"embeddable":true,"href":"http:\/\/periodisme-dades.recursos.uoc.edu\/es\/wp-json\/wp\/v2\/users\/1"}],"replies":[{"embeddable":true,"href":"http:\/\/periodisme-dades.recursos.uoc.edu\/es\/wp-json\/wp\/v2\/comments?post=1077"}],"version-history":[{"count":2,"href":"http:\/\/periodisme-dades.recursos.uoc.edu\/es\/wp-json\/wp\/v2\/pages\/1077\/revisions"}],"predecessor-version":[{"id":1079,"href":"http:\/\/periodisme-dades.recursos.uoc.edu\/es\/wp-json\/wp\/v2\/pages\/1077\/revisions\/1079"}],"wp:attachment":[{"href":"http:\/\/periodisme-dades.recursos.uoc.edu\/es\/wp-json\/wp\/v2\/media?parent=1077"}],"curies":[{"name":"wp","href":"https:\/\/api.w.org\/{rel}","templated":true}]}}