{"id":1082,"date":"2018-05-24T13:26:27","date_gmt":"2018-05-24T11:26:27","guid":{"rendered":"http:\/\/periodisme-dades.uoc.edu\/?page_id=1082"},"modified":"2018-06-19T08:34:30","modified_gmt":"2018-06-19T06:34:30","slug":"6-3-3-conceptos-basicos-o-previos","status":"publish","type":"page","link":"http:\/\/periodisme-dades.recursos.uoc.edu\/es\/6-3-3-conceptos-basicos-o-previos\/","title":{"rendered":"6.3.3. Conceptos b\u00e1sicos o previos"},"content":{"rendered":"<p><strong>Que es GIS<\/strong>. De sus siglas en ingl\u00e9s sistema de informaci\u00f3n geogr\u00e1fica (<em>geographic information system<\/em>), o SIG en castellano, se define como el conjunto de herramientas que permiten capturar, almacenar, analizar y presentar datos geogr\u00e1ficos.<\/p>\n<p><strong>Qu\u00e9 es QGIS<\/strong>. Un <a href=\"http:\/\/qgis.org\/\" target=\"_blank\" rel=\"noopener\">software libre de GIS<\/a> que permite visualizar, editar y analizar informaci\u00f3n geoespacial.<\/p>\n<p><strong>Qu\u00e9 es GeoJSON<\/strong>. Es un formato est\u00e1ndar abierto (un tipo de archivo con terminaci\u00f3n .geojson) dise\u00f1ado para representar elementos geogr\u00e1ficos sencillos, junto con sus atributos no espaciales, basado en JavaScript Object Notation (JSON). Puede estar compuesto de puntos, l\u00edneas y pol\u00edgonos.<\/p>\n<p><img loading=\"lazy\" class=\"aligncenter size-full wp-image-982\" src=\"\/wp-content\/uploads\/2018\/05\/m2860_m6_42.jpg\" alt=\"\" width=\"530\" height=\"387\" srcset=\"\/wp-content\/uploads\/2018\/05\/m2860_m6_42.jpg 530w, \/wp-content\/uploads\/2018\/05\/m2860_m6_42-300x219.jpg 300w\" sizes=\"(max-width: 530px) 100vw, 530px\" \/><\/p>\n<p><strong>Que es TopoJSON<\/strong>. Un archivo de <a href=\"https:\/\/en.wikipedia.org\/wiki\/GeoJSON#TopoJSON\" target=\"_blank\" rel=\"noopener\">tipo topoJSON<\/a> (con terminaci\u00f3n .json) es un tipo de formato de GeoJSON en el que las geometr\u00edas est\u00e1n compuestas por segmentos llamados arcos (<em>arcs<\/em>). Si dos o m\u00e1s contornos comparten una l\u00ednea, piensa en la frontera de dos pa\u00edses, ese segmento compartido queda solamente definido una vez, reduciendo la redundancia y el tama\u00f1o del archivo. Este tipo de definici\u00f3n resulta en que definen una topolog\u00eda y no simplemente elementos por separado, lo que permite, entre otras cosas, hacer cartogramas.<\/p>\n","protected":false},"excerpt":{"rendered":"<p>Que es GIS. De sus siglas en ingl\u00e9s sistema de informaci\u00f3n geogr\u00e1fica (geographic information system), o SIG en castellano, se define como el conjunto de herramientas que permiten capturar, almacenar, analizar y presentar datos geogr\u00e1ficos. Qu\u00e9 es QGIS. Un software libre de GIS que permite visualizar, editar y analizar informaci\u00f3n geoespacial. Qu\u00e9 es GeoJSON. Es [&hellip;]<\/p>\n","protected":false},"author":1,"featured_media":0,"parent":0,"menu_order":0,"comment_status":"closed","ping_status":"closed","template":"","meta":[],"_links":{"self":[{"href":"http:\/\/periodisme-dades.recursos.uoc.edu\/es\/wp-json\/wp\/v2\/pages\/1082"}],"collection":[{"href":"http:\/\/periodisme-dades.recursos.uoc.edu\/es\/wp-json\/wp\/v2\/pages"}],"about":[{"href":"http:\/\/periodisme-dades.recursos.uoc.edu\/es\/wp-json\/wp\/v2\/types\/page"}],"author":[{"embeddable":true,"href":"http:\/\/periodisme-dades.recursos.uoc.edu\/es\/wp-json\/wp\/v2\/users\/1"}],"replies":[{"embeddable":true,"href":"http:\/\/periodisme-dades.recursos.uoc.edu\/es\/wp-json\/wp\/v2\/comments?post=1082"}],"version-history":[{"count":1,"href":"http:\/\/periodisme-dades.recursos.uoc.edu\/es\/wp-json\/wp\/v2\/pages\/1082\/revisions"}],"predecessor-version":[{"id":1083,"href":"http:\/\/periodisme-dades.recursos.uoc.edu\/es\/wp-json\/wp\/v2\/pages\/1082\/revisions\/1083"}],"wp:attachment":[{"href":"http:\/\/periodisme-dades.recursos.uoc.edu\/es\/wp-json\/wp\/v2\/media?parent=1082"}],"curies":[{"name":"wp","href":"https:\/\/api.w.org\/{rel}","templated":true}]}}