{"id":310,"date":"2018-01-10T09:25:15","date_gmt":"2018-01-10T07:25:15","guid":{"rendered":"http:\/\/periodisme-dades.uoc.edu\/?page_id=310"},"modified":"2018-01-29T12:06:27","modified_gmt":"2018-01-29T10:06:27","slug":"2-2-3-la-libertad-de-expresion","status":"publish","type":"page","link":"http:\/\/periodisme-dades.recursos.uoc.edu\/es\/2-2-3-la-libertad-de-expresion\/","title":{"rendered":"2.2.3. La libertad de expresi\u00f3n"},"content":{"rendered":"<p>La Constituci\u00f3n espa\u00f1ola (art. 20.1.a) define la libertad de expresi\u00f3n como el derecho \u00aba expresar y difundir libremente los pensamientos, las ideas y las opiniones mediante la palabra, la escritura o cualquier otro medio de reproducci\u00f3n\u00bb.<\/p>\n<p>La libertad de expresi\u00f3n tiene como objeto garantizar que las personas puedan exteriorizar o transmitir sus pensamientos, ideas, opiniones o juicios de valor.<\/p>\n<p>La libertad de expresi\u00f3n est\u00e1 conformada por dos elementos.<\/p>\n<p>En primer lugar, la creaci\u00f3n de pensamientos, ideas u opiniones como manifestaci\u00f3n de la capacidad humana. Estas creencias, razonamientos o ideas, en la medida en que son propios de cada persona, y por lo tanto pueden ser subjetivos, no tienen que ser veraces ni hay que acreditar su veracidad. No hace falta que se demuestre su exactitud, y por lo tanto, cuando alguien ejerce la libertad de expresi\u00f3n no se le pide que demuestre su veracidad, o muestre diligencia para averiguarla, como sucede en el caso de la libertad de informaci\u00f3n.<\/p>\n<p>En segundo lugar, el medio por el cual se manifiestan. Como se desprende de la lectura de la Constituci\u00f3n espa\u00f1ola, las personas pueden expresar sus ideas o pensamientos por cualquier medio, incluso del lenguaje no verbal.<\/p>\n<p>El ejercicio de la libertad de expresi\u00f3n est\u00e1 estrechamente vinculado a otros derechos, como por ejemplo la libertad ideol\u00f3gica (art. 16.1 CE), el derecho a recibir informaci\u00f3n (art. 20.1.d CE), y la libertad de expresi\u00f3n activa.<\/p>\n<p>En primer lugar, la libertad ideol\u00f3gica es previa a la libertad de expresi\u00f3n y es el origen de las ideas y las opiniones de las personas.<\/p>\n<p>En segundo lugar, el derecho a recibir informaci\u00f3n veraz por cualquier medio permite a las personas formarse una opini\u00f3n.<\/p>\n<p>En tercer lugar, la libertad de expresi\u00f3n activa es m\u00e1s amplia que la libertad de informaci\u00f3n que, como se ha visto, est\u00e1 vinculada a la veracidad y al inter\u00e9s p\u00fablico de la informaci\u00f3n, aspectos que no tienen que concurrir cuando se habla de la libertad de expresi\u00f3n.<\/p>\n","protected":false},"excerpt":{"rendered":"<p>La Constituci\u00f3n espa\u00f1ola (art. 20.1.a) define la libertad de expresi\u00f3n como el derecho \u00aba expresar y difundir libremente los pensamientos, las ideas y las opiniones mediante la palabra, la escritura o cualquier otro medio de reproducci\u00f3n\u00bb. La libertad de expresi\u00f3n tiene como objeto garantizar que las personas puedan exteriorizar o transmitir sus pensamientos, ideas, opiniones [&hellip;]<\/p>\n","protected":false},"author":1,"featured_media":0,"parent":0,"menu_order":0,"comment_status":"closed","ping_status":"closed","template":"","meta":[],"_links":{"self":[{"href":"http:\/\/periodisme-dades.recursos.uoc.edu\/es\/wp-json\/wp\/v2\/pages\/310"}],"collection":[{"href":"http:\/\/periodisme-dades.recursos.uoc.edu\/es\/wp-json\/wp\/v2\/pages"}],"about":[{"href":"http:\/\/periodisme-dades.recursos.uoc.edu\/es\/wp-json\/wp\/v2\/types\/page"}],"author":[{"embeddable":true,"href":"http:\/\/periodisme-dades.recursos.uoc.edu\/es\/wp-json\/wp\/v2\/users\/1"}],"replies":[{"embeddable":true,"href":"http:\/\/periodisme-dades.recursos.uoc.edu\/es\/wp-json\/wp\/v2\/comments?post=310"}],"version-history":[{"count":3,"href":"http:\/\/periodisme-dades.recursos.uoc.edu\/es\/wp-json\/wp\/v2\/pages\/310\/revisions"}],"predecessor-version":[{"id":719,"href":"http:\/\/periodisme-dades.recursos.uoc.edu\/es\/wp-json\/wp\/v2\/pages\/310\/revisions\/719"}],"wp:attachment":[{"href":"http:\/\/periodisme-dades.recursos.uoc.edu\/es\/wp-json\/wp\/v2\/media?parent=310"}],"curies":[{"name":"wp","href":"https:\/\/api.w.org\/{rel}","templated":true}]}}