{"id":318,"date":"2018-01-10T09:48:02","date_gmt":"2018-01-10T07:48:02","guid":{"rendered":"http:\/\/periodisme-dades.uoc.edu\/?page_id=318"},"modified":"2018-01-28T10:03:31","modified_gmt":"2018-01-28T08:03:31","slug":"3-3-1-introduccion","status":"publish","type":"page","link":"http:\/\/periodisme-dades.recursos.uoc.edu\/es\/3-3-1-introduccion\/","title":{"rendered":"3.3.1. Introducci\u00f3n"},"content":{"rendered":"<p>Antes de empezar a abordar cualquier tema, es recomendable preguntarse qu\u00e9 datos hay disponibles sobre la cuesti\u00f3n que interesa cubrir. Conocer las fuentes p\u00fablicas disponibles facilitar\u00e1 y acelerar\u00e1 much\u00edsimo el proceso de b\u00fasqueda de las fuentes.<\/p>\n<p>La cantidad de informaci\u00f3n p\u00fablica y disponible en formato libre no ha dejado de crecer en los \u00faltimos a\u00f1os. Este crecimiento ha tenido mucha relaci\u00f3n con el esfuerzo que se ha hecho desde diferentes organizaciones en favor de la transparencia y la apertura de datos (<em>open data<\/em>).<\/p>\n","protected":false},"excerpt":{"rendered":"<p>Antes de empezar a abordar cualquier tema, es recomendable preguntarse qu\u00e9 datos hay disponibles sobre la cuesti\u00f3n que interesa cubrir. Conocer las fuentes p\u00fablicas disponibles facilitar\u00e1 y acelerar\u00e1 much\u00edsimo el proceso de b\u00fasqueda de las fuentes. La cantidad de informaci\u00f3n p\u00fablica y disponible en formato libre no ha dejado de crecer en los \u00faltimos a\u00f1os. [&hellip;]<\/p>\n","protected":false},"author":1,"featured_media":0,"parent":0,"menu_order":0,"comment_status":"closed","ping_status":"closed","template":"","meta":[],"_links":{"self":[{"href":"http:\/\/periodisme-dades.recursos.uoc.edu\/es\/wp-json\/wp\/v2\/pages\/318"}],"collection":[{"href":"http:\/\/periodisme-dades.recursos.uoc.edu\/es\/wp-json\/wp\/v2\/pages"}],"about":[{"href":"http:\/\/periodisme-dades.recursos.uoc.edu\/es\/wp-json\/wp\/v2\/types\/page"}],"author":[{"embeddable":true,"href":"http:\/\/periodisme-dades.recursos.uoc.edu\/es\/wp-json\/wp\/v2\/users\/1"}],"replies":[{"embeddable":true,"href":"http:\/\/periodisme-dades.recursos.uoc.edu\/es\/wp-json\/wp\/v2\/comments?post=318"}],"version-history":[{"count":5,"href":"http:\/\/periodisme-dades.recursos.uoc.edu\/es\/wp-json\/wp\/v2\/pages\/318\/revisions"}],"predecessor-version":[{"id":648,"href":"http:\/\/periodisme-dades.recursos.uoc.edu\/es\/wp-json\/wp\/v2\/pages\/318\/revisions\/648"}],"wp:attachment":[{"href":"http:\/\/periodisme-dades.recursos.uoc.edu\/es\/wp-json\/wp\/v2\/media?parent=318"}],"curies":[{"name":"wp","href":"https:\/\/api.w.org\/{rel}","templated":true}]}}