{"id":320,"date":"2018-01-10T09:49:24","date_gmt":"2018-01-10T07:49:24","guid":{"rendered":"http:\/\/periodisme-dades.uoc.edu\/?page_id=320"},"modified":"2018-01-29T11:24:29","modified_gmt":"2018-01-29T09:24:29","slug":"introduccion-los-datos-como-fuente-de-informacion","status":"publish","type":"page","link":"http:\/\/periodisme-dades.recursos.uoc.edu\/es\/introduccion-los-datos-como-fuente-de-informacion\/","title":{"rendered":"3.2. Introducci\u00f3n: los datos como fuente de informaci\u00f3n"},"content":{"rendered":"<p>Un conjunto de datos o un <em>data set <\/em>\u2013el t\u00e9rmino anglosaj\u00f3n para denominarlo\u2013 es una compilaci\u00f3n de informaci\u00f3n estructurada en columnas y filas, que puede ser procesada y analizada. Una fuente period\u00edstica, m\u00e1s que cualquier otra, puede revelar informaci\u00f3n clave y contexto sobre una realidad concreta que queramos cubrir period\u00edsticamente. Lo m\u00e1s importante es hacer las preguntas adecuadas y conocer las herramientas que permiten \u00abentrevistar\u00bb una hoja de c\u00e1lculo para que las conclusiones extra\u00eddas puedan presentar un hecho noticiable.<\/p>\n<p>Periodismo de datos o datos con periodismo. El escenario tecnol\u00f3gico ha abierto un abanico muy amplio de posibilidades de fuentes de informaci\u00f3n que hace treinta a\u00f1os era impensable tener al alcance. Hablamos de datos almacenados en hojas de c\u00e1lculo, y de datos que, a pesar de no estar ordenados en filas y columnas, proces\u00e1ndolos en una hoja de c\u00e1lculo se convierten en un material potencialmente publicable.<\/p>\n<p>El periodismo de datos es el periodismo de precisi\u00f3n de toda la vida, que en el contexto actual se sirve de unas herramientas inform\u00e1ticas de an\u00e1lisis y de visualizaci\u00f3n que permiten analizar y extraer conclusiones de un volumen de datos que hace un tiempo hubiera sido inimaginable, as\u00ed como poder mostrarlos al lector.<\/p>\n<p>La delincuencia en una ciudad, las hect\u00e1reas de un bosque quemado, las epidemias, las votaciones parlamentarias y el resultado de unas elecciones posiblemente no son m\u00e1s que n\u00fameros. Es cierto, pero tambi\u00e9n son cifras que hablan de la realidad pol\u00edtica, social y econ\u00f3mica que nos rodea, y que como periodistas queremos explicar en forma de historias en un diario, televisi\u00f3n o radio.<\/p>\n","protected":false},"excerpt":{"rendered":"<p>Un conjunto de datos o un data set \u2013el t\u00e9rmino anglosaj\u00f3n para denominarlo\u2013 es una compilaci\u00f3n de informaci\u00f3n estructurada en columnas y filas, que puede ser procesada y analizada. Una fuente period\u00edstica, m\u00e1s que cualquier otra, puede revelar informaci\u00f3n clave y contexto sobre una realidad concreta que queramos cubrir period\u00edsticamente. Lo m\u00e1s importante es hacer [&hellip;]<\/p>\n","protected":false},"author":1,"featured_media":0,"parent":0,"menu_order":0,"comment_status":"closed","ping_status":"closed","template":"","meta":[],"_links":{"self":[{"href":"http:\/\/periodisme-dades.recursos.uoc.edu\/es\/wp-json\/wp\/v2\/pages\/320"}],"collection":[{"href":"http:\/\/periodisme-dades.recursos.uoc.edu\/es\/wp-json\/wp\/v2\/pages"}],"about":[{"href":"http:\/\/periodisme-dades.recursos.uoc.edu\/es\/wp-json\/wp\/v2\/types\/page"}],"author":[{"embeddable":true,"href":"http:\/\/periodisme-dades.recursos.uoc.edu\/es\/wp-json\/wp\/v2\/users\/1"}],"replies":[{"embeddable":true,"href":"http:\/\/periodisme-dades.recursos.uoc.edu\/es\/wp-json\/wp\/v2\/comments?post=320"}],"version-history":[{"count":2,"href":"http:\/\/periodisme-dades.recursos.uoc.edu\/es\/wp-json\/wp\/v2\/pages\/320\/revisions"}],"predecessor-version":[{"id":677,"href":"http:\/\/periodisme-dades.recursos.uoc.edu\/es\/wp-json\/wp\/v2\/pages\/320\/revisions\/677"}],"wp:attachment":[{"href":"http:\/\/periodisme-dades.recursos.uoc.edu\/es\/wp-json\/wp\/v2\/media?parent=320"}],"curies":[{"name":"wp","href":"https:\/\/api.w.org\/{rel}","templated":true}]}}