{"id":324,"date":"2018-01-10T10:13:21","date_gmt":"2018-01-10T08:13:21","guid":{"rendered":"http:\/\/periodisme-dades.uoc.edu\/?page_id=324"},"modified":"2018-01-28T10:03:55","modified_gmt":"2018-01-28T08:03:55","slug":"3-4-1-introduccion","status":"publish","type":"page","link":"http:\/\/periodisme-dades.recursos.uoc.edu\/es\/3-4-1-introduccion\/","title":{"rendered":"3.4.1. Introducci\u00f3n"},"content":{"rendered":"<p>Si ninguna de las fuentes p\u00fablicas disponibles re\u00fane los datos deseados, siempre queda la alternativa de formular una petici\u00f3n de informaci\u00f3n p\u00fablica.<\/p>\n<p>Se trata de un mecanismo que dispone el Estado para pedir acceso a cualquier informaci\u00f3n p\u00fablica que est\u00e9 en manos de las instituciones. Es un mecanismo que en Catalu\u00f1a se rige por la Ley 19\/2014, de 29 de diciembre, de transparencia, acceso a la informaci\u00f3n p\u00fablica y buen gobierno, y en Espa\u00f1a por la Ley 19\/2013, de 9 de diciembre.<\/p>\n<p>Las dos leyes consideran informaci\u00f3n p\u00fablica todos aquellos contenidos o documentos, sea cual sea el formato o soporte, que est\u00e1n en manos de las administraciones p\u00fablicas.<\/p>\n","protected":false},"excerpt":{"rendered":"<p>Si ninguna de las fuentes p\u00fablicas disponibles re\u00fane los datos deseados, siempre queda la alternativa de formular una petici\u00f3n de informaci\u00f3n p\u00fablica. Se trata de un mecanismo que dispone el Estado para pedir acceso a cualquier informaci\u00f3n p\u00fablica que est\u00e9 en manos de las instituciones. Es un mecanismo que en Catalu\u00f1a se rige por la [&hellip;]<\/p>\n","protected":false},"author":1,"featured_media":0,"parent":0,"menu_order":0,"comment_status":"closed","ping_status":"closed","template":"","meta":[],"_links":{"self":[{"href":"http:\/\/periodisme-dades.recursos.uoc.edu\/es\/wp-json\/wp\/v2\/pages\/324"}],"collection":[{"href":"http:\/\/periodisme-dades.recursos.uoc.edu\/es\/wp-json\/wp\/v2\/pages"}],"about":[{"href":"http:\/\/periodisme-dades.recursos.uoc.edu\/es\/wp-json\/wp\/v2\/types\/page"}],"author":[{"embeddable":true,"href":"http:\/\/periodisme-dades.recursos.uoc.edu\/es\/wp-json\/wp\/v2\/users\/1"}],"replies":[{"embeddable":true,"href":"http:\/\/periodisme-dades.recursos.uoc.edu\/es\/wp-json\/wp\/v2\/comments?post=324"}],"version-history":[{"count":4,"href":"http:\/\/periodisme-dades.recursos.uoc.edu\/es\/wp-json\/wp\/v2\/pages\/324\/revisions"}],"predecessor-version":[{"id":650,"href":"http:\/\/periodisme-dades.recursos.uoc.edu\/es\/wp-json\/wp\/v2\/pages\/324\/revisions\/650"}],"wp:attachment":[{"href":"http:\/\/periodisme-dades.recursos.uoc.edu\/es\/wp-json\/wp\/v2\/media?parent=324"}],"curies":[{"name":"wp","href":"https:\/\/api.w.org\/{rel}","templated":true}]}}