{"id":338,"date":"2018-01-10T10:29:03","date_gmt":"2018-01-10T08:29:03","guid":{"rendered":"http:\/\/periodisme-dades.uoc.edu\/?page_id=338"},"modified":"2018-01-10T12:46:28","modified_gmt":"2018-01-10T10:46:28","slug":"4-1-2-eines-avancades","status":"publish","type":"page","link":"http:\/\/periodisme-dades.recursos.uoc.edu\/es\/4-1-2-eines-avancades\/","title":{"rendered":"4.1.2. Herramientas avanzadas"},"content":{"rendered":"<h4>4.1.2.1. SQL (Structured Query Language)<\/h4>\n<p>Se trata de un lenguaje que permite modificar, consultar y llevar a cabo operaciones sobre bases de datos relacionales. Respecto a otros lenguajes, tiene una sintaxis sencilla e intuitiva. Se puede hacer funcionar directamente desde la consola o terminal del ordenador, o por medio de alg\u00fan programa que dote al lenguaje de una interfaz que permita trabajarlo de manera m\u00e1s sencilla.<\/p>\n<h4>4.1.2.2. Python<\/h4>\n<p>Es otro lenguaje de programaci\u00f3n que tambi\u00e9n permite trabajar con bases de datos. M\u00e1s all\u00e1 del an\u00e1lisis de bases de datos, tiene muchos otros usos, y esto lo convierte en un lenguaje mucho m\u00e1s potente y \u00fatil que SQL. Aun as\u00ed, la sintaxis es mucho m\u00e1s compleja, y aprender su funcionamiento requiere m\u00e1s especializaci\u00f3n por parte del periodista.<\/p>\n<h4>4.1.2.3. R<\/h4>\n<p>Este tercer lenguaje de programaci\u00f3n, originalmente parte del campo de la estad\u00edstica, por eso se utiliza mucho tanto en el \u00e1mbito acad\u00e9mico como en el period\u00edstico. Al igual que Python, es una herramienta que ofrece unas funcionalidades que van m\u00e1s all\u00e1 del acceso a las bases de datos: tambi\u00e9n permite hacer an\u00e1lisis visuales, elaborar gr\u00e1ficos, ir un paso m\u00e1s all\u00e1 en m\u00e9tricas estad\u00edsticas y en la automatizaci\u00f3n de descargas de datos.<\/p>\n","protected":false},"excerpt":{"rendered":"<p>4.1.2.1. SQL (Structured Query Language) Se trata de un lenguaje que permite modificar, consultar y llevar a cabo operaciones sobre bases de datos relacionales. Respecto a otros lenguajes, tiene una sintaxis sencilla e intuitiva. Se puede hacer funcionar directamente desde la consola o terminal del ordenador, o por medio de alg\u00fan programa que dote al [&hellip;]<\/p>\n","protected":false},"author":1,"featured_media":0,"parent":0,"menu_order":0,"comment_status":"closed","ping_status":"closed","template":"","meta":[],"_links":{"self":[{"href":"http:\/\/periodisme-dades.recursos.uoc.edu\/es\/wp-json\/wp\/v2\/pages\/338"}],"collection":[{"href":"http:\/\/periodisme-dades.recursos.uoc.edu\/es\/wp-json\/wp\/v2\/pages"}],"about":[{"href":"http:\/\/periodisme-dades.recursos.uoc.edu\/es\/wp-json\/wp\/v2\/types\/page"}],"author":[{"embeddable":true,"href":"http:\/\/periodisme-dades.recursos.uoc.edu\/es\/wp-json\/wp\/v2\/users\/1"}],"replies":[{"embeddable":true,"href":"http:\/\/periodisme-dades.recursos.uoc.edu\/es\/wp-json\/wp\/v2\/comments?post=338"}],"version-history":[{"count":2,"href":"http:\/\/periodisme-dades.recursos.uoc.edu\/es\/wp-json\/wp\/v2\/pages\/338\/revisions"}],"predecessor-version":[{"id":481,"href":"http:\/\/periodisme-dades.recursos.uoc.edu\/es\/wp-json\/wp\/v2\/pages\/338\/revisions\/481"}],"wp:attachment":[{"href":"http:\/\/periodisme-dades.recursos.uoc.edu\/es\/wp-json\/wp\/v2\/media?parent=338"}],"curies":[{"name":"wp","href":"https:\/\/api.w.org\/{rel}","templated":true}]}}