{"id":340,"date":"2018-01-10T10:29:47","date_gmt":"2018-01-10T08:29:47","guid":{"rendered":"http:\/\/periodisme-dades.uoc.edu\/?page_id=340"},"modified":"2018-01-10T10:29:47","modified_gmt":"2018-01-10T08:29:47","slug":"4-2-1-la-estructura-de-los-datos","status":"publish","type":"page","link":"http:\/\/periodisme-dades.recursos.uoc.edu\/es\/4-2-1-la-estructura-de-los-datos\/","title":{"rendered":"4.2.1. La estructura de los datos"},"content":{"rendered":"<p>La estructura del <em>data set <\/em>o conjunto de datos tiene que responder \u00fanicamente a la voluntad period\u00edstica. Antes de empezar a recoger los datos, es imprescindible plantearse qu\u00e9 preguntas queremos que responda el conjunto de la informaci\u00f3n. Seg\u00fan \u00abla entrevista\u00bb que queramos hacer en la hoja de c\u00e1lculo, habr\u00e1 que incluir unos campos u otros, y estructurar las filas y las columnas de una forma o de otra. Se trata de un planteamiento previo que hay que hacer tanto si los datos han sido obtenidos por una fuente tercera, por ejemplo la Administraci\u00f3n p\u00fablica, como si han sido recogidos manualmente por el periodista.<\/p>\n<p>En el caso de datos provenientes de fuentes terceras, adem\u00e1s, habr\u00e1 que tener en cuenta que a menudo est\u00e1n estructurados seg\u00fan los intereses y el objetivo de la fuente, no desde un punto period\u00edstico. Por eso, tambi\u00e9n es importante replantearse si es pertinente, o no, reestructurar las columnas y las filas en funci\u00f3n de las necesidades period\u00edsticas, y no solo esto, sino que una vez comprobado que todos los campos sean correctos, se tendr\u00e1 que \u00ablimpiar\u00bb y disponer la informaci\u00f3n de forma adecuada para poder analizarla correctamente.<\/p>\n","protected":false},"excerpt":{"rendered":"<p>La estructura del data set o conjunto de datos tiene que responder \u00fanicamente a la voluntad period\u00edstica. Antes de empezar a recoger los datos, es imprescindible plantearse qu\u00e9 preguntas queremos que responda el conjunto de la informaci\u00f3n. Seg\u00fan \u00abla entrevista\u00bb que queramos hacer en la hoja de c\u00e1lculo, habr\u00e1 que incluir unos campos u otros, [&hellip;]<\/p>\n","protected":false},"author":1,"featured_media":0,"parent":0,"menu_order":0,"comment_status":"closed","ping_status":"closed","template":"","meta":[],"_links":{"self":[{"href":"http:\/\/periodisme-dades.recursos.uoc.edu\/es\/wp-json\/wp\/v2\/pages\/340"}],"collection":[{"href":"http:\/\/periodisme-dades.recursos.uoc.edu\/es\/wp-json\/wp\/v2\/pages"}],"about":[{"href":"http:\/\/periodisme-dades.recursos.uoc.edu\/es\/wp-json\/wp\/v2\/types\/page"}],"author":[{"embeddable":true,"href":"http:\/\/periodisme-dades.recursos.uoc.edu\/es\/wp-json\/wp\/v2\/users\/1"}],"replies":[{"embeddable":true,"href":"http:\/\/periodisme-dades.recursos.uoc.edu\/es\/wp-json\/wp\/v2\/comments?post=340"}],"version-history":[{"count":1,"href":"http:\/\/periodisme-dades.recursos.uoc.edu\/es\/wp-json\/wp\/v2\/pages\/340\/revisions"}],"predecessor-version":[{"id":341,"href":"http:\/\/periodisme-dades.recursos.uoc.edu\/es\/wp-json\/wp\/v2\/pages\/340\/revisions\/341"}],"wp:attachment":[{"href":"http:\/\/periodisme-dades.recursos.uoc.edu\/es\/wp-json\/wp\/v2\/media?parent=340"}],"curies":[{"name":"wp","href":"https:\/\/api.w.org\/{rel}","templated":true}]}}