{"id":351,"date":"2018-01-10T11:05:02","date_gmt":"2018-01-10T09:05:02","guid":{"rendered":"http:\/\/periodisme-dades.uoc.edu\/?page_id=351"},"modified":"2018-02-27T11:54:07","modified_gmt":"2018-02-27T09:54:07","slug":"4-3-3-les-taules-dinamiques","status":"publish","type":"page","link":"http:\/\/periodisme-dades.recursos.uoc.edu\/es\/4-3-3-les-taules-dinamiques\/","title":{"rendered":"4.3.3. Las tablas din\u00e1micas"},"content":{"rendered":"<p>En este caso, trabajaremos con el archivo:\u00a0<a href=\"\/wp-content\/uploads\/2017\/12\/Adjudicacions_TaulaDinamica.xlsx\" target=\"_blank\" rel=\"noopener\"><img loading=\"lazy\" class=\"alignnone wp-image-567\" src=\"\/wp-content\/uploads\/2018\/01\/icona_xls.png\" alt=\"\" width=\"20\" height=\"22\" \/><\/a>\u00a0<a href=\"\/wp-content\/uploads\/2017\/12\/Adjudicacions_TaulaDinamica.xlsx\" target=\"_blank\" rel=\"noopener\">Adjudicacions_TaulaDinamica<\/a>.<\/p>\n<h4>4.3.3.1. Las tablas<\/h4>\n<p>La herramienta por excelencia a la hora de llevar a cabo un an\u00e1lisis de datos con un gestor de hojas de c\u00e1lculo es la tabla din\u00e1mica. La tabla din\u00e1mica es una de las funciones b\u00e1sicas de Excel, y permite reordenar los datos como m\u00e1s interese para poder analizarlos desde \u00e1ngulos diferentes.<\/p>\n<p>Ahora seguiremos paso a paso la creaci\u00f3n de una tabla din\u00e1mica para entender m\u00e1s su funcionamiento. Para hacerlo, recuperamos de nuevo el ejemplo de las adjudicaciones p\u00fablicas.<\/p>\n<p>Con el archivo abierto, tendremos que seleccionar de nuevo las columnas del <em>data set<\/em> y, en el men\u00fa de \u00abDatos\u00bb, hacer clic en la opci\u00f3n \u00abTabla din\u00e1mica\u00bb de la manera siguiente:<\/p>\n<figure id=\"attachment_167\" aria-describedby=\"caption-attachment-167\" style=\"width: 800px\" class=\"wp-caption alignnone\"><img loading=\"lazy\" class=\"alignnone size-full wp-image-167\" src=\"\/wp-content\/uploads\/2017\/12\/m1450_m4_17.jpg\" alt=\"\" width=\"700\" height=\"359\" srcset=\"\/wp-content\/uploads\/2017\/12\/m1450_m4_17.jpg 700w, \/wp-content\/uploads\/2017\/12\/m1450_m4_17-300x154.jpg 300w\" sizes=\"(max-width: 700px) 100vw, 700px\" \/><figcaption id=\"caption-attachment-167\" class=\"wp-caption-text\">Creaci\u00f3n de una tabla din\u00e1mica<\/figcaption><\/figure>\n<p>Una vez que hacemos clic en la creaci\u00f3n de una nueva tabla din\u00e1mica, se crear\u00e1 autom\u00e1ticamente una nueva p\u00e1gina en la hoja de c\u00e1lculo. Es posible que, por defecto, la tabla est\u00e9 medio llena o completamente vac\u00eda, pero antes de proceder al an\u00e1lisis, habr\u00e1 que entender bien para qu\u00e9 sirve cada opci\u00f3n.<\/p>\n<p>De entrada, veremos que en la parte superior derecha de la hoja de c\u00e1lculo est\u00e1 la tabla din\u00e1mica, y a la izquierda, el \u00abCreador de tablas din\u00e1micas\u00bb, que es la herramienta que utilizaremos para a\u00f1adir o quitar campos de la tabla din\u00e1mica.<\/p>\n<figure id=\"attachment_168\" aria-describedby=\"caption-attachment-168\" style=\"width: 800px\" class=\"wp-caption alignnone\"><img loading=\"lazy\" class=\"alignnone size-full wp-image-168\" src=\"\/wp-content\/uploads\/2017\/12\/m1450_m4_18.jpg\" alt=\"\" width=\"800\" height=\"631\" srcset=\"\/wp-content\/uploads\/2017\/12\/m1450_m4_18.jpg 800w, \/wp-content\/uploads\/2017\/12\/m1450_m4_18-300x237.jpg 300w, \/wp-content\/uploads\/2017\/12\/m1450_m4_18-768x606.jpg 768w\" sizes=\"(max-width: 800px) 100vw, 800px\" \/><figcaption id=\"caption-attachment-168\" class=\"wp-caption-text\">Visualizaci\u00f3n de la tabla din\u00e1mica a la derecha y el creador de tablas din\u00e1micas a la izquierda<\/figcaption><\/figure>\n<p>Veamos, opci\u00f3n por opci\u00f3n, para qu\u00e9 sirve cada uno de los espacios.<\/p>\n<ul>\n<li><strong>Nombre del campo<\/strong>: en este apartado, si hemos hecho bien los pasos, tendr\u00edamos que encontrar el nombre de todas las columnas de nuestra tabla original. En el caso de la hoja de c\u00e1lculo de adjudicaciones, la tabla se ha ordenado correctamente y en este apartado podemos ver las columnas del conjunto de datos (c\u00f3digo, departamento, organismo licitador, etc.).<\/li>\n<li><strong>Filtro de informe<\/strong>: aqu\u00ed arrastraremos los campos sobre los que nos interese aplicar filtros sobre los datos.<\/li>\n<li><strong>Etiquetas de columna<\/strong>: en este apartado, arrastraremos los campos que queramos situar como columnas de la nueva tabla que estamos creando a partir de la inicial.<\/li>\n<li><strong>R\u00f3tulos de fila<\/strong>: es lo mismo que en el caso anterior, pero para las filas. Aqu\u00ed arrastraremos los campos que queremos que se visualicen en las filas.<\/li>\n<li><strong>Valores<\/strong>: una vez que tengamos la tabla estructurada en filas y en columnas, debemos decidir qu\u00e9 valores queremos mostrar. Para hacerlo, tendremos que lanzar los valores en este apartado.<\/li>\n<\/ul>\n<p>Para introducir o sacar los campos en cada una de las opciones, habr\u00e1 que arrastrar las columnas del apartado \u00abNombre de campos\u00bb al apartado que corresponda o interese. En el supuesto de que la tabla ya venga medio llena por defecto, o que queramos modificar una tabla ya elaborada, para quitar los campos lanzados tendremos que arrastrarlos de cada una de las opciones fuera del generador de tablas din\u00e1micas.<\/p>\n<p>A medida que arrastramos para a\u00f1adir o quitar campos, veremos c\u00f3mo la tabla de la hoja de Excel se modifica seg\u00fan lo que estemos haciendo.<\/p>\n<h4>4.3.3.2. Un ejemplo pr\u00e1ctico<\/h4>\n<p>Intentemos, entonces, responder a las preguntas iniciales siguiendo el ejemplo que hemos estado tomando hasta ahora, el del Excel de las adjudicaciones de contratos p\u00fablicos.<\/p>\n<p><strong>a) <\/strong>\u00bfCu\u00e1l es la empresa que se lleva m\u00e1s contratos en cada departamento?<\/p>\n<p>Para responder a esta pregunta, tendremos que hacer una tabla din\u00e1mica en la cual, en las filas (o letreros de fila), est\u00e9 el nombre de \u00abempresa adjudicataria\u00bb, en las columnas (o campos de fila) est\u00e9 el \u00abdepartamento\u00bb, y en el campo de valores deber\u00edamos lanzar el \u00abimporte de adjudicaci\u00f3n\u00bb.<\/p>\n<p>A la hora de lanzar los valores, es f\u00e1cil que por defecto cuente los registros en lugar de sumarlos. Para modificar esta opci\u00f3n, habr\u00e1 que hacer clic en el bot\u00f3n de la \u00abi\u00bb que hay dentro del campo que hemos lanzado.<\/p>\n<figure id=\"attachment_169\" aria-describedby=\"caption-attachment-169\" style=\"width: 800px\" class=\"wp-caption alignnone\"><img loading=\"lazy\" class=\"alignnone size-full wp-image-169\" src=\"\/wp-content\/uploads\/2017\/12\/m1450_m4_19.jpg\" alt=\"\" width=\"400\" height=\"515\" srcset=\"\/wp-content\/uploads\/2017\/12\/m1450_m4_19.jpg 400w, \/wp-content\/uploads\/2017\/12\/m1450_m4_19-233x300.jpg 233w\" sizes=\"(max-width: 400px) 100vw, 400px\" \/><figcaption id=\"caption-attachment-169\" class=\"wp-caption-text\">Creaci\u00f3n de una tabla din\u00e1mica<\/figcaption><\/figure>\n<p>Entonces, saldr\u00e1 un men\u00fa emergente que nos permitir\u00e1 cambiar la opci\u00f3n \u00abContar\u00bb por muchas otras, tambi\u00e9n \u00abSumar\u00bb, que es la que nos interesa esta vez.<\/p>\n<figure id=\"attachment_170\" aria-describedby=\"caption-attachment-170\" style=\"width: 800px\" class=\"wp-caption alignnone\"><img loading=\"lazy\" class=\"alignnone size-full wp-image-170\" src=\"\/wp-content\/uploads\/2017\/12\/m1450_m4_20.jpg\" alt=\"\" width=\"400\" height=\"245\" srcset=\"\/wp-content\/uploads\/2017\/12\/m1450_m4_20.jpg 400w, \/wp-content\/uploads\/2017\/12\/m1450_m4_20-300x184.jpg 300w\" sizes=\"(max-width: 400px) 100vw, 400px\" \/><figcaption id=\"caption-attachment-170\" class=\"wp-caption-text\">Men\u00fa emergente para crear tablas din\u00e1micas<\/figcaption><\/figure>\n<figure id=\"attachment_171\" aria-describedby=\"caption-attachment-171\" style=\"width: 800px\" class=\"wp-caption alignnone\"><img loading=\"lazy\" class=\"alignnone size-full wp-image-171\" src=\"\/wp-content\/uploads\/2017\/12\/m1450_m4_21.jpg\" alt=\"\" width=\"800\" height=\"276\" srcset=\"\/wp-content\/uploads\/2017\/12\/m1450_m4_21.jpg 800w, \/wp-content\/uploads\/2017\/12\/m1450_m4_21-300x104.jpg 300w, \/wp-content\/uploads\/2017\/12\/m1450_m4_21-768x265.jpg 768w\" sizes=\"(max-width: 800px) 100vw, 800px\" \/><figcaption id=\"caption-attachment-171\" class=\"wp-caption-text\">Tabla din\u00e1mica resultante<\/figcaption><\/figure>\n<p><strong>b) <\/strong>\u00bfCu\u00e1l es la media de los importes de las licitaciones de suministro por departamento?<\/p>\n<p>Para resolver esta pregunta, tendremos que hacer una tabla din\u00e1mica en la cual las filas correspondan a los departamentos, y los valores correspondan al \u00abimporte de la adjudicaci\u00f3n\u00bb. En el apartado de filtros, elegiremos la opci\u00f3n \u00abTipo de contrato\u00bb para elegir \u00fanicamente aquellos que pertenezcan a contratos de suministro. Finalmente, para que nos salga directamente la media, y no el recuento o la suma, haremos clic en la \u00abi\u00bb que aparece a la derecha de valores, y marcaremos la opci\u00f3n \u00abMedia\u00bb en el men\u00fa emergente. Finalmente, la tabla y el generador quedar\u00e1n de la siguiente manera:<\/p>\n<figure id=\"attachment_172\" aria-describedby=\"caption-attachment-172\" style=\"width: 800px\" class=\"wp-caption alignnone\"><img loading=\"lazy\" class=\"alignnone size-full wp-image-172\" src=\"\/wp-content\/uploads\/2017\/12\/m1450_m4_22.jpg\" alt=\"\" width=\"800\" height=\"411\" srcset=\"\/wp-content\/uploads\/2017\/12\/m1450_m4_22.jpg 800w, \/wp-content\/uploads\/2017\/12\/m1450_m4_22-300x154.jpg 300w, \/wp-content\/uploads\/2017\/12\/m1450_m4_22-768x395.jpg 768w\" sizes=\"(max-width: 800px) 100vw, 800px\" \/><figcaption id=\"caption-attachment-172\" class=\"wp-caption-text\">Creaci\u00f3n de una nueva tabla din\u00e1mica<\/figcaption><\/figure>\n<p>Ahora, supongamos que nos llama la atenci\u00f3n el resultado del Departamento de Ense\u00f1anza, el m\u00e1s elevado de todos en cuanto a la media. Si hacemos doble clic en la columna de los valores, la que est\u00e1 se\u00f1alada en color verde en la anterior captura de pantalla, nos aparecer\u00e1n en una nueva hoja todos los valores que est\u00e1n vinculados a este valor, para que podamos navegar y explorarlos con m\u00e1s detalle si nos interesa.<\/p>\n","protected":false},"excerpt":{"rendered":"<p>En este caso, trabajaremos con el archivo:\u00a0\u00a0Adjudicacions_TaulaDinamica. 4.3.3.1. Las tablas La herramienta por excelencia a la hora de llevar a cabo un an\u00e1lisis de datos con un gestor de hojas de c\u00e1lculo es la tabla din\u00e1mica. La tabla din\u00e1mica es una de las funciones b\u00e1sicas de Excel, y permite reordenar los datos como m\u00e1s interese [&hellip;]<\/p>\n","protected":false},"author":1,"featured_media":0,"parent":0,"menu_order":0,"comment_status":"closed","ping_status":"closed","template":"","meta":[],"_links":{"self":[{"href":"http:\/\/periodisme-dades.recursos.uoc.edu\/es\/wp-json\/wp\/v2\/pages\/351"}],"collection":[{"href":"http:\/\/periodisme-dades.recursos.uoc.edu\/es\/wp-json\/wp\/v2\/pages"}],"about":[{"href":"http:\/\/periodisme-dades.recursos.uoc.edu\/es\/wp-json\/wp\/v2\/types\/page"}],"author":[{"embeddable":true,"href":"http:\/\/periodisme-dades.recursos.uoc.edu\/es\/wp-json\/wp\/v2\/users\/1"}],"replies":[{"embeddable":true,"href":"http:\/\/periodisme-dades.recursos.uoc.edu\/es\/wp-json\/wp\/v2\/comments?post=351"}],"version-history":[{"count":6,"href":"http:\/\/periodisme-dades.recursos.uoc.edu\/es\/wp-json\/wp\/v2\/pages\/351\/revisions"}],"predecessor-version":[{"id":892,"href":"http:\/\/periodisme-dades.recursos.uoc.edu\/es\/wp-json\/wp\/v2\/pages\/351\/revisions\/892"}],"wp:attachment":[{"href":"http:\/\/periodisme-dades.recursos.uoc.edu\/es\/wp-json\/wp\/v2\/media?parent=351"}],"curies":[{"name":"wp","href":"https:\/\/api.w.org\/{rel}","templated":true}]}}