{"id":353,"date":"2018-01-10T11:06:37","date_gmt":"2018-01-10T09:06:37","guid":{"rendered":"http:\/\/periodisme-dades.uoc.edu\/?page_id=353"},"modified":"2018-02-27T11:55:15","modified_gmt":"2018-02-27T09:55:15","slug":"4-3-4-filtres-condicionals-i-altres-opcions-avancades","status":"publish","type":"page","link":"http:\/\/periodisme-dades.recursos.uoc.edu\/es\/4-3-4-filtres-condicionals-i-altres-opcions-avancades\/","title":{"rendered":"4.3.4. Filtros condicionales y otras opciones avanzadas"},"content":{"rendered":"<p>Sin embargo, m\u00e1s all\u00e1 de las tablas din\u00e1micas, tambi\u00e9n hay otros factores de an\u00e1lisis que se pueden aplicar a cualquier tabla, sea din\u00e1mica o no.<\/p>\n<p>El formato condicional permite aplicar colores a las celdas seg\u00fan condiciones espec\u00edficas, como por ejemplo valores duplicados, rangos de mayor a menor, y resaltar valores concretos. La ventaja de esta prestaci\u00f3n es que si los valores cambian, las reglas marcadas tambi\u00e9n se reajustan.<\/p>\n<p>Continuando con el ejemplo que hemos trabajado hasta ahora, veremos c\u00f3mo podemos hacerlo. Imaginemos que nos interesa profundizar en los contratos del Departamento de Empresa y Conocimiento efectuados durante este periodo, y concretamente nos interesa ver de una manera m\u00e1s visual el rango de precios del \u00abvalor estimado del contrato\u00bb.<\/p>\n<p>Para hacerlo, tendremos que seleccionar la columna de valor que nos interesa y abrir el men\u00fa \u00abCondicional Formato\u00bb, situado en la barra de herramientas.<\/p>\n<figure id=\"attachment_173\" aria-describedby=\"caption-attachment-173\" style=\"width: 800px\" class=\"wp-caption alignnone\"><img loading=\"lazy\" class=\"alignnone size-full wp-image-173\" src=\"\/wp-content\/uploads\/2017\/12\/m1450_m4_23.jpg\" alt=\"\" width=\"800\" height=\"248\" srcset=\"\/wp-content\/uploads\/2017\/12\/m1450_m4_23.jpg 800w, \/wp-content\/uploads\/2017\/12\/m1450_m4_23-300x93.jpg 300w, \/wp-content\/uploads\/2017\/12\/m1450_m4_23-768x238.jpg 768w\" sizes=\"(max-width: 800px) 100vw, 800px\" \/><figcaption id=\"caption-attachment-173\" class=\"wp-caption-text\">Visualizaci\u00f3n de la aplicaci\u00f3n de filtros condicionales (primer paso)<\/figcaption><\/figure>\n<p>Con el men\u00fa desplegado, podremos seleccionar la opci\u00f3n que m\u00e1s nos interese. En este caso, una sencilla escala de color ya nos permitir\u00e1 ver cu\u00e1l es el rango de precios, cu\u00e1les est\u00e1n m\u00e1s distanciados, y cu\u00e1les son m\u00e1s similares.<\/p>\n<figure id=\"attachment_174\" aria-describedby=\"caption-attachment-174\" style=\"width: 800px\" class=\"wp-caption alignnone\"><img loading=\"lazy\" class=\"alignnone size-full wp-image-174\" src=\"\/wp-content\/uploads\/2017\/12\/m1450_m4_24.jpg\" alt=\"\" width=\"800\" height=\"265\" srcset=\"\/wp-content\/uploads\/2017\/12\/m1450_m4_24.jpg 800w, \/wp-content\/uploads\/2017\/12\/m1450_m4_24-300x99.jpg 300w, \/wp-content\/uploads\/2017\/12\/m1450_m4_24-768x254.jpg 768w\" sizes=\"(max-width: 800px) 100vw, 800px\" \/><figcaption id=\"caption-attachment-174\" class=\"wp-caption-text\">Visualizaci\u00f3n de la aplicaci\u00f3n de filtros condicionales (segundo paso)<\/figcaption><\/figure>\n<p>Una vez seleccionada la opci\u00f3n, la columna nos quedar\u00e1 pintada autom\u00e1ticamente. Si borramos el contenido de la celda, el filtro de color continuar\u00e1 apareciendo. Si en alg\u00fan momento queremos borrar las reglas de colores, habr\u00e1 que volver al men\u00fa \u00abCondicional Formato\u00bb y hacer clic en la opci\u00f3n \u00abBorrar reglas\u00bb.<\/p>\n<figure id=\"attachment_175\" aria-describedby=\"caption-attachment-175\" style=\"width: 800px\" class=\"wp-caption alignnone\"><img loading=\"lazy\" class=\"alignnone size-full wp-image-175\" src=\"\/wp-content\/uploads\/2017\/12\/m1450_m4_25.jpg\" alt=\"\" width=\"800\" height=\"129\" srcset=\"\/wp-content\/uploads\/2017\/12\/m1450_m4_25.jpg 800w, \/wp-content\/uploads\/2017\/12\/m1450_m4_25-300x48.jpg 300w, \/wp-content\/uploads\/2017\/12\/m1450_m4_25-768x124.jpg 768w\" sizes=\"(max-width: 800px) 100vw, 800px\" \/><figcaption id=\"caption-attachment-175\" class=\"wp-caption-text\">Visualizaci\u00f3n de la aplicaci\u00f3n de filtros condicionales (tercer paso)<\/figcaption><\/figure>\n<p>Este solo es un ejemplo de filtro de colores que nos conviene y nos interesa esta vez. De todos modos, para otras veces nos puede interesar m\u00e1s crear reglas espec\u00edficas para buscar o resaltar un valor determinado. El resto de las posibilidades est\u00e1n todas juntas en el men\u00fa de \u00abCondicional Formato\u00bb.<\/p>\n","protected":false},"excerpt":{"rendered":"<p>Sin embargo, m\u00e1s all\u00e1 de las tablas din\u00e1micas, tambi\u00e9n hay otros factores de an\u00e1lisis que se pueden aplicar a cualquier tabla, sea din\u00e1mica o no. El formato condicional permite aplicar colores a las celdas seg\u00fan condiciones espec\u00edficas, como por ejemplo valores duplicados, rangos de mayor a menor, y resaltar valores concretos. La ventaja de esta [&hellip;]<\/p>\n","protected":false},"author":1,"featured_media":0,"parent":0,"menu_order":0,"comment_status":"closed","ping_status":"closed","template":"","meta":[],"_links":{"self":[{"href":"http:\/\/periodisme-dades.recursos.uoc.edu\/es\/wp-json\/wp\/v2\/pages\/353"}],"collection":[{"href":"http:\/\/periodisme-dades.recursos.uoc.edu\/es\/wp-json\/wp\/v2\/pages"}],"about":[{"href":"http:\/\/periodisme-dades.recursos.uoc.edu\/es\/wp-json\/wp\/v2\/types\/page"}],"author":[{"embeddable":true,"href":"http:\/\/periodisme-dades.recursos.uoc.edu\/es\/wp-json\/wp\/v2\/users\/1"}],"replies":[{"embeddable":true,"href":"http:\/\/periodisme-dades.recursos.uoc.edu\/es\/wp-json\/wp\/v2\/comments?post=353"}],"version-history":[{"count":3,"href":"http:\/\/periodisme-dades.recursos.uoc.edu\/es\/wp-json\/wp\/v2\/pages\/353\/revisions"}],"predecessor-version":[{"id":893,"href":"http:\/\/periodisme-dades.recursos.uoc.edu\/es\/wp-json\/wp\/v2\/pages\/353\/revisions\/893"}],"wp:attachment":[{"href":"http:\/\/periodisme-dades.recursos.uoc.edu\/es\/wp-json\/wp\/v2\/media?parent=353"}],"curies":[{"name":"wp","href":"https:\/\/api.w.org\/{rel}","templated":true}]}}