{"id":359,"date":"2018-01-10T11:17:21","date_gmt":"2018-01-10T09:17:21","guid":{"rendered":"http:\/\/periodisme-dades.uoc.edu\/?page_id=359"},"modified":"2018-02-27T11:57:36","modified_gmt":"2018-02-27T09:57:36","slug":"4-4-2-un-exemple-practic-amb-microsoft-excel","status":"publish","type":"page","link":"http:\/\/periodisme-dades.recursos.uoc.edu\/es\/4-4-2-un-exemple-practic-amb-microsoft-excel\/","title":{"rendered":"4.4.2. Un ejemplo pr\u00e1ctico con Microsoft Excel"},"content":{"rendered":"<p>Para poder hacer un gr\u00e1fico con Excel, hay que tener en una hoja aparte, limpios y seleccionados, los datos que pretendemos representar. Si volvemos al ejemplo de las adjudicaciones, una vez que hemos elaborado la tabla que nos permite ver qu\u00e9 importe en adjudicaciones se ha gastado cada departamento, tambi\u00e9n podemos ver cu\u00e1l ha sido el que m\u00e1s y el que menos ha gastado, si ordenamos la tabla de menor a mayor. Aun as\u00ed, a simple vista nos cuesta ver cu\u00e1l es la relaci\u00f3n entre todas las cifras, es decir, si son todas similares o si hay alguna que se dispara respecto al resto.<\/p>\n<p>El an\u00e1lisis visual nos permitir\u00e1 ver de una manera sencilla y r\u00e1pida la relaci\u00f3n que tienen las diferentes cifras entre ellas.<\/p>\n<p>Para poder hacer el gr\u00e1fico, lo primero que tenemos que hacer es seleccionar los datos que queremos representar, y hacer clic en la pesta\u00f1a \u00abGr\u00e1ficos\u00bb.<\/p>\n<figure id=\"attachment_177\" aria-describedby=\"caption-attachment-177\" style=\"width: 800px\" class=\"wp-caption alignnone\"><img loading=\"lazy\" class=\"alignnone size-full wp-image-177\" src=\"\/wp-content\/uploads\/2017\/12\/m1450_m4_27.jpg\" alt=\"\" width=\"700\" height=\"338\" srcset=\"\/wp-content\/uploads\/2017\/12\/m1450_m4_27.jpg 700w, \/wp-content\/uploads\/2017\/12\/m1450_m4_27-300x145.jpg 300w\" sizes=\"(max-width: 700px) 100vw, 700px\" \/><figcaption id=\"caption-attachment-177\" class=\"wp-caption-text\">Visualizaci\u00f3n de la selecci\u00f3n de datos por gr\u00e1fica<\/figcaption><\/figure>\n<p>Una vez situados encima, tendremos que elegir el gr\u00e1fico pertinente para representar los datos. En este caso, lo m\u00e1s indicado ser\u00e1 un gr\u00e1fico de columnas o de barras, en el cual cada uno de los departamentos sea una barra o una columna. Esto nos permitir\u00e1 poder ver lo mayores que son las cifras sobre el resto, y al rev\u00e9s. En este caso, elegimos elaborar un gr\u00e1fico de columnas.<\/p>\n<figure id=\"attachment_178\" aria-describedby=\"caption-attachment-178\" style=\"width: 800px\" class=\"wp-caption alignnone\"><img loading=\"lazy\" class=\"alignnone size-full wp-image-178\" src=\"\/wp-content\/uploads\/2017\/12\/m1450_m4_28.jpg\" alt=\"\" width=\"800\" height=\"664\" srcset=\"\/wp-content\/uploads\/2017\/12\/m1450_m4_28.jpg 800w, \/wp-content\/uploads\/2017\/12\/m1450_m4_28-300x249.jpg 300w, \/wp-content\/uploads\/2017\/12\/m1450_m4_28-768x637.jpg 768w\" sizes=\"(max-width: 800px) 100vw, 800px\" \/><figcaption id=\"caption-attachment-178\" class=\"wp-caption-text\">Selecci\u00f3n de la tipolog\u00eda de visualizaci\u00f3n gr\u00e1fica<\/figcaption><\/figure>\n<p>Dentro de la opci\u00f3n de la tipolog\u00eda de gr\u00e1ficos de columnas, nos aparecen por un lado opciones puramente estil\u00edsticas: columnas, columnas 3D, cilindros, conos y pir\u00e1mides. Si dejamos de lado esta parte m\u00e1s est\u00e9tica, que en el caso del an\u00e1lisis visual no aporta nada, seleccionaremos cualquiera de las tres opciones de columnas 2D. Dado que solo estamos visualizando una variable, el resultado ser\u00e1 igual sin que importe d\u00f3nde hagamos clic: un gr\u00e1fico en el que cada departamento est\u00e1 representado en una columna. En el supuesto de que hubiera dos variables, s\u00ed deber\u00edamos hilar m\u00e1s fino a la hora de elegir un gr\u00e1fico u otro, y decidir si queremos las variables en barras una junto a la otra, o apiladas. De este modo, ya tendremos el gr\u00e1fico elaborado.<\/p>\n<figure id=\"attachment_179\" aria-describedby=\"caption-attachment-179\" style=\"width: 800px\" class=\"wp-caption alignnone\"><img loading=\"lazy\" class=\"alignnone size-full wp-image-179\" src=\"\/wp-content\/uploads\/2017\/12\/m1450_m4_29.jpg\" alt=\"\" width=\"800\" height=\"428\" srcset=\"\/wp-content\/uploads\/2017\/12\/m1450_m4_29.jpg 800w, \/wp-content\/uploads\/2017\/12\/m1450_m4_29-300x161.jpg 300w, \/wp-content\/uploads\/2017\/12\/m1450_m4_29-768x411.jpg 768w\" sizes=\"(max-width: 800px) 100vw, 800px\" \/><figcaption id=\"caption-attachment-179\" class=\"wp-caption-text\">Visualizaci\u00f3n del gr\u00e1fico elaborado<\/figcaption><\/figure>\n<p>Sin hacer ning\u00fan retoque estil\u00edstico, el gr\u00e1fico tendr\u00eda que salir por defecto tal y como se muestra en la captura de pantalla anterior. Si hacemos clic sobre el gr\u00e1fico, nos aparecer\u00e1n habilitadas las opciones de los bloques tres y cuatro que hemos visto al principio de este apartado: relaci\u00f3n con los datos y el dise\u00f1o de los gr\u00e1ficos.<\/p>\n<p>Si el gr\u00e1fico no se ha mostrado tal y como dese\u00e1bamos, podremos hacer variaciones con la opci\u00f3n \u00abDatos\u00bb, puesto que nos permitir\u00e1 modificar la relaci\u00f3n que tienen los datos con la visualizaci\u00f3n. En cuanto a las opciones estil\u00edsticas, no merece la pena entretenerse mucho. Se trata de ver qu\u00e9 es lo que nos revelan los datos, no de hacer un gr\u00e1fico publicable. A la hora de hacer gr\u00e1ficos para publicar, hay muchas otras herramientas que nos permitir\u00e1n hacer visualizaciones \u00fanicas para cada noticia, seg\u00fan los requerimientos de la historia que queramos explicar. Hoy por hoy, solo estamos haciendo un repaso al apartado de gr\u00e1ficos de Excel para ver c\u00f3mo podemos enriquecernos del mismo y profundizar en el an\u00e1lisis de datos.<\/p>\n<p>As\u00ed pues, con un simple gr\u00e1fico como el que hemos elaborado a continuaci\u00f3n, vemos que hay una cifra que es mucho m\u00e1s elevada respecto al resto, las adjudicaciones hechas por el Departamento de Ense\u00f1anza, que se disparan con diferencia a los otros. En cambio, todos los otros departamentos mantienen unos importes m\u00e1s similares de adjudicaciones.<\/p>\n<p>Ahora veremos qu\u00e9 ha pasado con las adjudicaciones del Departamento de Ense\u00f1anza. \u00bfSe trata de un contrato muy elevado, o de varios contratos que tienen un importe muy alto? El an\u00e1lisis visual de esta parte la encontrar\u00e9is en el ejemplo 2 del mismo archivo de Excel.<\/p>\n<p>En el apartado de datos, tenemos la tabla original filtrada por los contratos del Departamento de Ense\u00f1anza. Vemos que solo hay dos, y son tan elevados porque est\u00e1n licitando, por medio de dos contratos, el suministro de gas natural para todos los centros de ense\u00f1anza p\u00fablica. A pesar de que en este caso tendr\u00eda poco sentido hacer un an\u00e1lisis visual, porque solo hay dos cifras y es f\u00e1cil ver la relaci\u00f3n que tienen, haremos un gr\u00e1fico r\u00e1pido a modo de ejemplo.<\/p>\n<p>De nuevo, seleccionaremos los datos y haremos clic en la opci\u00f3n de gr\u00e1fico que m\u00e1s nos convenga. En este caso, podr\u00eda ser un gr\u00e1fico de barras, columnas o circular. De este modo, tendremos un gr\u00e1fico que nos permite ver de una manera r\u00e1pida la relaci\u00f3n entre las dos variables.<\/p>\n","protected":false},"excerpt":{"rendered":"<p>Para poder hacer un gr\u00e1fico con Excel, hay que tener en una hoja aparte, limpios y seleccionados, los datos que pretendemos representar. Si volvemos al ejemplo de las adjudicaciones, una vez que hemos elaborado la tabla que nos permite ver qu\u00e9 importe en adjudicaciones se ha gastado cada departamento, tambi\u00e9n podemos ver cu\u00e1l ha sido [&hellip;]<\/p>\n","protected":false},"author":1,"featured_media":0,"parent":0,"menu_order":0,"comment_status":"closed","ping_status":"closed","template":"","meta":[],"_links":{"self":[{"href":"http:\/\/periodisme-dades.recursos.uoc.edu\/es\/wp-json\/wp\/v2\/pages\/359"}],"collection":[{"href":"http:\/\/periodisme-dades.recursos.uoc.edu\/es\/wp-json\/wp\/v2\/pages"}],"about":[{"href":"http:\/\/periodisme-dades.recursos.uoc.edu\/es\/wp-json\/wp\/v2\/types\/page"}],"author":[{"embeddable":true,"href":"http:\/\/periodisme-dades.recursos.uoc.edu\/es\/wp-json\/wp\/v2\/users\/1"}],"replies":[{"embeddable":true,"href":"http:\/\/periodisme-dades.recursos.uoc.edu\/es\/wp-json\/wp\/v2\/comments?post=359"}],"version-history":[{"count":3,"href":"http:\/\/periodisme-dades.recursos.uoc.edu\/es\/wp-json\/wp\/v2\/pages\/359\/revisions"}],"predecessor-version":[{"id":895,"href":"http:\/\/periodisme-dades.recursos.uoc.edu\/es\/wp-json\/wp\/v2\/pages\/359\/revisions\/895"}],"wp:attachment":[{"href":"http:\/\/periodisme-dades.recursos.uoc.edu\/es\/wp-json\/wp\/v2\/media?parent=359"}],"curies":[{"name":"wp","href":"https:\/\/api.w.org\/{rel}","templated":true}]}}