{"id":364,"date":"2018-01-10T11:19:44","date_gmt":"2018-01-10T09:19:44","guid":{"rendered":"http:\/\/periodisme-dades.uoc.edu\/?page_id=364"},"modified":"2018-02-27T12:00:25","modified_gmt":"2018-02-27T10:00:25","slug":"4-5-2-lanalisi-de-dades-com-a-element-conductor-de-la-noticia-el-data-driven-journalism","status":"publish","type":"page","link":"http:\/\/periodisme-dades.recursos.uoc.edu\/es\/4-5-2-lanalisi-de-dades-com-a-element-conductor-de-la-noticia-el-data-driven-journalism\/","title":{"rendered":"4.5.2. El an\u00e1lisis de datos como elemento conductor de la noticia: \u2028el <em>Data Driven Journalism<\/em>"},"content":{"rendered":"<p><strong>1) <em>El Confidencial<\/em> | \u00abNo solo se equivoca Errej\u00f3n: 164 diputados han roto la disciplina de voto en la legislatura\u00bb<\/strong><\/p>\n<p>Esta noticia del equipo de datos de <em>El Confidencial<\/em> se centra en los errores de las votaciones en el Congreso de los Diputados. Durante casi cinco meses, los periodistas se dedicaron a anotar las votaciones de cada uno de los diputados cada vez que hab\u00eda votaciones en el hemiciclo.<\/p>\n<p><img loading=\"lazy\" class=\"alignnone size-full wp-image-180\" src=\"\/wp-content\/uploads\/2017\/12\/m1450_m4_30.jpg\" alt=\"\" width=\"800\" height=\"425\" srcset=\"\/wp-content\/uploads\/2017\/12\/m1450_m4_30.jpg 800w, \/wp-content\/uploads\/2017\/12\/m1450_m4_30-300x159.jpg 300w, \/wp-content\/uploads\/2017\/12\/m1450_m4_30-768x408.jpg 768w\" sizes=\"(max-width: 800px) 100vw, 800px\" \/><\/p>\n<p>Gracias a la constancia, esta noticia pudo ver la luz. Se trata de un ejemplo en el que los datos son el elemento central de la noticia porque se sit\u00faan en el centro y se convierten en el valor a\u00f1adido informativo del elemento que articula la publicaci\u00f3n.<\/p>\n<p><strong>2) <em>THE NEW YORK TIMES\u00a0<\/em>| \u00abEl 40 % de los edificios de Manhattan no se podr\u00edan construir hoy\u00bb<\/strong><\/p>\n<p>Con la legislaci\u00f3n vigente en la mano, y con una base de datos sobre los edificios que hay en Manhattan, los periodistas del <em>New York Times<\/em> averiguaron que el 40 % de las edificaciones construidas hoy d\u00eda no estar\u00edan permitidas.<\/p>\n<p><img loading=\"lazy\" class=\"alignnone size-full wp-image-181\" src=\"\/wp-content\/uploads\/2017\/12\/m1450_m4_31.jpg\" alt=\"\" width=\"800\" height=\"444\" srcset=\"\/wp-content\/uploads\/2017\/12\/m1450_m4_31.jpg 800w, \/wp-content\/uploads\/2017\/12\/m1450_m4_31-300x167.jpg 300w, \/wp-content\/uploads\/2017\/12\/m1450_m4_31-768x426.jpg 768w\" sizes=\"(max-width: 800px) 100vw, 800px\" \/><\/p>\n<p><strong>3) <em>La Vanguardia<\/em> | \u00abLa c\u00fapula de TMB cobij\u00f3 a tres directivos \u201cdoscientosmileuristas\u201d durante la crisis\u00bb<\/strong><\/p>\n<p>Esta vez, mediante una petici\u00f3n de informaci\u00f3n p\u00fablica, se obtuvieron los datos referentes a los salarios de los altos directivos de la c\u00fapula de Transportes Metropolitanos de Barcelona desde el periodo de la crisis hasta la actualidad. El an\u00e1lisis de los datos recibidos y el cruce de dos informaciones diferentes fueron clave para poder desarrollar la noticia <em>a posteriori<\/em>.<\/p>\n<p><img loading=\"lazy\" class=\"alignnone size-full wp-image-182\" src=\"\/wp-content\/uploads\/2017\/12\/m1450_m4_32.jpg\" alt=\"\" width=\"600\" height=\"306\" srcset=\"\/wp-content\/uploads\/2017\/12\/m1450_m4_32.jpg 600w, \/wp-content\/uploads\/2017\/12\/m1450_m4_32-300x153.jpg 300w\" sizes=\"(max-width: 600px) 100vw, 600px\" \/><\/p>\n","protected":false},"excerpt":{"rendered":"<p>1) El Confidencial | \u00abNo solo se equivoca Errej\u00f3n: 164 diputados han roto la disciplina de voto en la legislatura\u00bb Esta noticia del equipo de datos de El Confidencial se centra en los errores de las votaciones en el Congreso de los Diputados. Durante casi cinco meses, los periodistas se dedicaron a anotar las votaciones [&hellip;]<\/p>\n","protected":false},"author":1,"featured_media":0,"parent":0,"menu_order":0,"comment_status":"closed","ping_status":"closed","template":"","meta":[],"_links":{"self":[{"href":"http:\/\/periodisme-dades.recursos.uoc.edu\/es\/wp-json\/wp\/v2\/pages\/364"}],"collection":[{"href":"http:\/\/periodisme-dades.recursos.uoc.edu\/es\/wp-json\/wp\/v2\/pages"}],"about":[{"href":"http:\/\/periodisme-dades.recursos.uoc.edu\/es\/wp-json\/wp\/v2\/types\/page"}],"author":[{"embeddable":true,"href":"http:\/\/periodisme-dades.recursos.uoc.edu\/es\/wp-json\/wp\/v2\/users\/1"}],"replies":[{"embeddable":true,"href":"http:\/\/periodisme-dades.recursos.uoc.edu\/es\/wp-json\/wp\/v2\/comments?post=364"}],"version-history":[{"count":3,"href":"http:\/\/periodisme-dades.recursos.uoc.edu\/es\/wp-json\/wp\/v2\/pages\/364\/revisions"}],"predecessor-version":[{"id":896,"href":"http:\/\/periodisme-dades.recursos.uoc.edu\/es\/wp-json\/wp\/v2\/pages\/364\/revisions\/896"}],"wp:attachment":[{"href":"http:\/\/periodisme-dades.recursos.uoc.edu\/es\/wp-json\/wp\/v2\/media?parent=364"}],"curies":[{"name":"wp","href":"https:\/\/api.w.org\/{rel}","templated":true}]}}