{"id":368,"date":"2018-01-10T11:25:15","date_gmt":"2018-01-10T09:25:15","guid":{"rendered":"http:\/\/periodisme-dades.uoc.edu\/?page_id=368"},"modified":"2018-01-15T19:43:41","modified_gmt":"2018-01-15T17:43:41","slug":"4-5-4-les-dades-com-a-punt-de-partida-duna-investigacio","status":"publish","type":"page","link":"http:\/\/periodisme-dades.recursos.uoc.edu\/es\/4-5-4-les-dades-com-a-punt-de-partida-duna-investigacio\/","title":{"rendered":"4.5.4. Los datos como punto de partida de una investigaci\u00f3n"},"content":{"rendered":"<p><strong>1) ProPublica | \u00abKilling the Colorado\u00bb<\/strong><\/p>\n<p>Se trata de una investigaci\u00f3n period\u00edstica llevada a cabo por la organizaci\u00f3n norteamericana ProPublica, con el objetivo de denunciar el estado deplorable del r\u00edo Colorado por culpa de la intervenci\u00f3n humana sin medida. ProPublica es una organizaci\u00f3n sin \u00e1nimo de lucro, que cuenta con una unidad muy potente de periodistas de datos que trabajan para sacar adelante investigaciones period\u00edsticas.<\/p>\n<p><img loading=\"lazy\" class=\"alignnone size-full wp-image-186\" src=\"\/wp-content\/uploads\/2017\/12\/m1450_m4_36.jpg\" alt=\"\" width=\"800\" height=\"355\" srcset=\"\/wp-content\/uploads\/2017\/12\/m1450_m4_36.jpg 800w, \/wp-content\/uploads\/2017\/12\/m1450_m4_36-300x133.jpg 300w, \/wp-content\/uploads\/2017\/12\/m1450_m4_36-768x341.jpg 768w\" sizes=\"(max-width: 800px) 100vw, 800px\" \/><\/p>\n<p><strong>2)\u00a0<em>El Mundo<\/em> | \u00abFootball leaks\u00bb<\/strong><\/p>\n<p>Se trata de una investigaci\u00f3n hecha por EIC, la red europea de periodistas de investigaci\u00f3n, que en el Estado espa\u00f1ol llevaba a cabo el diario <em>El Mundo<\/em>. Esta investigaci\u00f3n destap\u00f3 la cara oculta del f\u00fatbol: el entramado financiero creado para que los futbolistas mileuristas eludan impuestos ante Hacienda.<\/p>\n<p><img loading=\"lazy\" class=\"alignnone size-full wp-image-187\" src=\"\/wp-content\/uploads\/2017\/12\/m1450_m4_37.jpg\" alt=\"\" width=\"700\" height=\"320\" srcset=\"\/wp-content\/uploads\/2017\/12\/m1450_m4_37.jpg 700w, \/wp-content\/uploads\/2017\/12\/m1450_m4_37-300x137.jpg 300w\" sizes=\"(max-width: 700px) 100vw, 700px\" \/><\/p>\n<p><strong>3) <em>El Confidencial<\/em> y La Sexta | \u00abPapeles de Panam\u00e1\u00bb<\/strong><\/p>\n<p>La mayor filtraci\u00f3n de la historia no se habr\u00eda podido gestionar si no fuera gracias a la utilizaci\u00f3n de herramientas de tratamiento de bases de datos. El <a href=\"javascript:void(0);\" class=\"tooltip\" data-toggle=\"popover\" data-placement=\"bottom\" data-content=\"ICIJ, por sus siglas en ingl\u00e9s.\" data-placement=\"top\" data-html=\"true\">Consorcio Internacional de Periodistas de Investigaci\u00f3n<\/a>.\u00a0tuvo acceso a miles de archivos procedentes de un bufete de abogados paname\u00f1o, el despacho de Mossack Fonseca, que se dedicaba a gestionar sociedades <em>offshore<\/em> de ciudadanos procedentes de pa\u00edses de todo el mundo.<\/p>\n","protected":false},"excerpt":{"rendered":"<p>1) ProPublica | \u00abKilling the Colorado\u00bb Se trata de una investigaci\u00f3n period\u00edstica llevada a cabo por la organizaci\u00f3n norteamericana ProPublica, con el objetivo de denunciar el estado deplorable del r\u00edo Colorado por culpa de la intervenci\u00f3n humana sin medida. ProPublica es una organizaci\u00f3n sin \u00e1nimo de lucro, que cuenta con una unidad muy potente de [&hellip;]<\/p>\n","protected":false},"author":1,"featured_media":0,"parent":0,"menu_order":0,"comment_status":"closed","ping_status":"closed","template":"","meta":[],"_links":{"self":[{"href":"http:\/\/periodisme-dades.recursos.uoc.edu\/es\/wp-json\/wp\/v2\/pages\/368"}],"collection":[{"href":"http:\/\/periodisme-dades.recursos.uoc.edu\/es\/wp-json\/wp\/v2\/pages"}],"about":[{"href":"http:\/\/periodisme-dades.recursos.uoc.edu\/es\/wp-json\/wp\/v2\/types\/page"}],"author":[{"embeddable":true,"href":"http:\/\/periodisme-dades.recursos.uoc.edu\/es\/wp-json\/wp\/v2\/users\/1"}],"replies":[{"embeddable":true,"href":"http:\/\/periodisme-dades.recursos.uoc.edu\/es\/wp-json\/wp\/v2\/comments?post=368"}],"version-history":[{"count":2,"href":"http:\/\/periodisme-dades.recursos.uoc.edu\/es\/wp-json\/wp\/v2\/pages\/368\/revisions"}],"predecessor-version":[{"id":491,"href":"http:\/\/periodisme-dades.recursos.uoc.edu\/es\/wp-json\/wp\/v2\/pages\/368\/revisions\/491"}],"wp:attachment":[{"href":"http:\/\/periodisme-dades.recursos.uoc.edu\/es\/wp-json\/wp\/v2\/media?parent=368"}],"curies":[{"name":"wp","href":"https:\/\/api.w.org\/{rel}","templated":true}]}}