{"id":661,"date":"2018-01-28T10:13:28","date_gmt":"2018-01-28T08:13:28","guid":{"rendered":"http:\/\/periodisme-dades.uoc.edu\/?page_id=661"},"modified":"2018-01-29T12:08:07","modified_gmt":"2018-01-29T10:08:07","slug":"3-1-1-introduccion","status":"publish","type":"page","link":"http:\/\/periodisme-dades.recursos.uoc.edu\/es\/3-1-1-introduccion\/","title":{"rendered":"3.1.1. Introducci\u00f3n"},"content":{"rendered":"<p>Tenemos que ser tan incansables en la recolecci\u00f3n de fuentes potenciales como respecto a la informaci\u00f3n en s\u00ed.<\/p>\n<blockquote>\n<p>\u00abA pesar de que las relaciones con las fuentes son, en su mayor\u00eda, pura rutina, meras transacciones en las que todos salen ganando, en ocasiones nos vemos involucrados en un juego de ingenio altamente competitivo con las fuentes para asegurarnos de que llegue a la calle la versi\u00f3n mejor y m\u00e1s completa de la historia, en lugar de la que los favorece.\u00bb<\/p>\n<\/blockquote>\n","protected":false},"excerpt":{"rendered":"<p>Tenemos que ser tan incansables en la recolecci\u00f3n de fuentes potenciales como respecto a la informaci\u00f3n en s\u00ed. \u00abA pesar de que las relaciones con las fuentes son, en su mayor\u00eda, pura rutina, meras transacciones en las que todos salen ganando, en ocasiones nos vemos involucrados en un juego de ingenio altamente competitivo con las [&hellip;]<\/p>\n","protected":false},"author":1,"featured_media":0,"parent":0,"menu_order":0,"comment_status":"closed","ping_status":"closed","template":"","meta":[],"_links":{"self":[{"href":"http:\/\/periodisme-dades.recursos.uoc.edu\/es\/wp-json\/wp\/v2\/pages\/661"}],"collection":[{"href":"http:\/\/periodisme-dades.recursos.uoc.edu\/es\/wp-json\/wp\/v2\/pages"}],"about":[{"href":"http:\/\/periodisme-dades.recursos.uoc.edu\/es\/wp-json\/wp\/v2\/types\/page"}],"author":[{"embeddable":true,"href":"http:\/\/periodisme-dades.recursos.uoc.edu\/es\/wp-json\/wp\/v2\/users\/1"}],"replies":[{"embeddable":true,"href":"http:\/\/periodisme-dades.recursos.uoc.edu\/es\/wp-json\/wp\/v2\/comments?post=661"}],"version-history":[{"count":3,"href":"http:\/\/periodisme-dades.recursos.uoc.edu\/es\/wp-json\/wp\/v2\/pages\/661\/revisions"}],"predecessor-version":[{"id":724,"href":"http:\/\/periodisme-dades.recursos.uoc.edu\/es\/wp-json\/wp\/v2\/pages\/661\/revisions\/724"}],"wp:attachment":[{"href":"http:\/\/periodisme-dades.recursos.uoc.edu\/es\/wp-json\/wp\/v2\/media?parent=661"}],"curies":[{"name":"wp","href":"https:\/\/api.w.org\/{rel}","templated":true}]}}