{"id":685,"date":"2018-01-29T11:38:19","date_gmt":"2018-01-29T09:38:19","guid":{"rendered":"http:\/\/periodisme-dades.uoc.edu\/?page_id=685"},"modified":"2018-01-29T11:38:19","modified_gmt":"2018-01-29T09:38:19","slug":"5-2-2-genero-informativo","status":"publish","type":"page","link":"http:\/\/periodisme-dades.recursos.uoc.edu\/es\/5-2-2-genero-informativo\/","title":{"rendered":"5.2.2. G\u00e9nero informativo"},"content":{"rendered":"<h4><strong>5.2.2.1. Introducci\u00f3n<\/strong><\/h4>\n<p>Idealmente, el papel del redactor en los g\u00e9neros informativos o noticiosos tiene que ser el de un mero observador de la realidad. Tiene una implicaci\u00f3n m\u00ednima en el hecho noticioso y su tarea consiste en describir los hechos de la manera m\u00e1s objetiva posible (asumiendo que la objetividad no existe). Se le exige veracidad, contrastar la informaci\u00f3n y aportar pluralidad. Esta \u00faltima exigencia es b\u00e1sica: nunca se tiene que dar por v\u00e1lida ni recoger en exclusiva ni la versi\u00f3n oficial de los hechos ni una sola voz; para redactar una buena informaci\u00f3n, el redactor debe encargar que la pieza recoja fielmente las distintas \u00abcaras de la verdad\u00bb.<\/p>\n<p>A grandes rasgos, todas las informaciones contienen los siguientes elementos:<\/p>\n<ul>\n<li>Est\u00e1n encabezadas por un titular (que a veces va acompa\u00f1ado de un antet\u00edtulo, para situar geogr\u00e1fica o tem\u00e1ticamente la informaci\u00f3n; y\/o un subt\u00edtulo, que suele complementar el titular). El t\u00edtulo de la informaci\u00f3n ha de ser breve \u2013el n\u00famero de palabras depende del medio en el que se trabaje, pero nunca conviene superar el par de l\u00edneas\u2013, claro y atractivo. Su funci\u00f3n es la de aportar un resumen de la informaci\u00f3n, que encontraremos en el cuerpo de la informaci\u00f3n.<\/li>\n<li>El <em>lead<\/em> o entradilla.<\/li>\n<li>El cuerpo, que desarrolla y completa la informaci\u00f3n siguiendo el esquema de la pir\u00e1mide invertida, es decir, explicando los hechos en orden de importancia decreciente, dejando los datos m\u00e1s secundarios para el final. La informaci\u00f3n se divide en p\u00e1rrafos que tienen que estar interrelacionados tem\u00e1ticamente entre s\u00ed, pero que deben ser independientes en un \u00e1mbito gramatical. En el cuerpo del texto, se ampl\u00eda la informaci\u00f3n del <em>lead<\/em> y se aporta otra nueva, se a\u00f1aden declaraciones de las personas implicadas con la noticia y se aporta contexto.<\/li>\n<li>La noticia es la pieza que caracteriza este g\u00e9nero, a pesar de que su extensi\u00f3n, contenido o enfoque pueden variar, creando diferentes tipolog\u00edas de piezas informativas, como veremos a continuaci\u00f3n.<\/li>\n<\/ul>\n<h4><strong>5.2.2.2. La noticia<\/strong><\/h4>\n<blockquote><p>\u00abLa funci\u00f3n de un diario consiste en descubrir informaci\u00f3n nueva sobre asuntos de inter\u00e9s general y transmitirla a los lectores con la mayor rapidez y precisi\u00f3n posibles, de manera veraz y ecu\u00e1nime.\u00bb<\/p><\/blockquote>\n<div class=\"blockquote-author\"><p>David Randall<\/p>\n<\/div>\n<blockquote><p>\u00abLa funci\u00f3n primordial de un diario es recoger noticias e, incluso a riesgo de su propia existencia, garantizar que se transmitan sin desvirtuarlas. La verdad no se puede deformar con lo que se dice o no se dice, ni con la manera de presentarlo.\u00bb<\/p><\/blockquote>\n<p>Esto lo escrib\u00eda, por su parte, el periodista C. P. Scott, director del <em>Manchester Guardian<\/em> en 1921. A esta cita, a\u00f1ad\u00eda: \u00abcada cual es libre de comentar lo que quiera, pero los hechos son sagrados\u00bb.<\/p>\n<p>Las noticias son el elemento del que se nutren los medios, y tienen las siguientes caracter\u00edsticas:<\/p>\n<ul>\n<li>Son algo inusual. \u00abQue un perro muerda a un hombre no es noticia; lo es que un hombre muerda a un perro\u00bb. Este es el cl\u00e1sico ejemplo que citan los profesores de primer curso en las facultades de periodismo, pero las noticias son m\u00e1s que esto.<\/li>\n<li>Tienen valor informativo porque aportan novedad, cosas que la gente no ha escuchado antes.<\/li>\n<li>Es fundamental que recojan temas de inter\u00e9s p\u00fablico: no solo temas que tengan un impacto en la vida p\u00fablica, sino tambi\u00e9n temas que sean de inter\u00e9s para el p\u00fablico.<\/li>\n<\/ul>\n<p>En cuanto a las tipolog\u00edas, se distinguen cuatro variedades relacionadas con el grado de profundidad de la noticia o de la pieza informativa:<\/p>\n<p><strong>1) El breve:<\/strong> una informaci\u00f3n corta de un asunto sin gran importancia que se inserta en un rinc\u00f3n de la p\u00e1gina del diario o de la web, con un titular poco elaborado y sin fotograf\u00eda. Su funci\u00f3n es la de informar sobre un hecho de actualidad, y su redactor se distancia al m\u00e1ximo de lo que est\u00e1 explicando. A menudo se firma como \u00abredacci\u00f3n\u00bb, y muchas veces la noticia proviene de una agencia de informaci\u00f3n, como la ACN o la Agencia Efe, por ejemplo.<\/p>\n<p><strong>2) Pieza informativa b\u00e1sica:<\/strong> trata de un asunto concreto de la actualidad. No cuenta con ning\u00fan a\u00f1adido ni ning\u00fan texto complementario pero lleva, a menudo, una fotograf\u00eda o una infograf\u00eda. Su funci\u00f3n tambi\u00e9n es puramente informativa, y la implicaci\u00f3n del autor es m\u00ednima.<\/p>\n<p><strong>3) Informaci\u00f3n m\u00faltiple:<\/strong> varias informaciones conectadas entre s\u00ed que se publican en una misma p\u00e1gina en un diario imprimido, o bajo un elemento gr\u00e1fico que indique que est\u00e1n interrelacionadas, en caso de que se publiquen en un medio digital. Cumple una funci\u00f3n informativa, y el grado de implicaci\u00f3n del autor es bajo, pero mayor que en las anteriores piezas.<\/p>\n<p><strong>4) Informaci\u00f3n reportajeada:<\/strong> se trata de un texto informativo redactado con un enfoque m\u00e1s pr\u00f3ximo al reportaje, que ha tomado presencia en la prensa para intentar captar la atenci\u00f3n del lector. No se tienen que confundir estas piezas con los reportajes, porque las informaciones reportajeadas comunican hechos de estricta actualidad y la implicaci\u00f3n del autor es menor que en el caso del reportaje, a pesar de que a veces contiene ciertas dosis de interpretaci\u00f3n. Una pieza de este tipo acostumbra a ir acompa\u00f1ada de noticias complementarias, que aportan nuevos datos, o de un texto interpretativo, una peque\u00f1a entrevista o incluso un texto de opini\u00f3n. Tambi\u00e9n la acompa\u00f1an fotograf\u00edas o infograf\u00edas.<\/p>\n","protected":false},"excerpt":{"rendered":"<p>5.2.2.1. Introducci\u00f3n Idealmente, el papel del redactor en los g\u00e9neros informativos o noticiosos tiene que ser el de un mero observador de la realidad. Tiene una implicaci\u00f3n m\u00ednima en el hecho noticioso y su tarea consiste en describir los hechos de la manera m\u00e1s objetiva posible (asumiendo que la objetividad no existe). Se le exige [&hellip;]<\/p>\n","protected":false},"author":1,"featured_media":0,"parent":0,"menu_order":0,"comment_status":"closed","ping_status":"closed","template":"","meta":[],"_links":{"self":[{"href":"http:\/\/periodisme-dades.recursos.uoc.edu\/es\/wp-json\/wp\/v2\/pages\/685"}],"collection":[{"href":"http:\/\/periodisme-dades.recursos.uoc.edu\/es\/wp-json\/wp\/v2\/pages"}],"about":[{"href":"http:\/\/periodisme-dades.recursos.uoc.edu\/es\/wp-json\/wp\/v2\/types\/page"}],"author":[{"embeddable":true,"href":"http:\/\/periodisme-dades.recursos.uoc.edu\/es\/wp-json\/wp\/v2\/users\/1"}],"replies":[{"embeddable":true,"href":"http:\/\/periodisme-dades.recursos.uoc.edu\/es\/wp-json\/wp\/v2\/comments?post=685"}],"version-history":[{"count":1,"href":"http:\/\/periodisme-dades.recursos.uoc.edu\/es\/wp-json\/wp\/v2\/pages\/685\/revisions"}],"predecessor-version":[{"id":688,"href":"http:\/\/periodisme-dades.recursos.uoc.edu\/es\/wp-json\/wp\/v2\/pages\/685\/revisions\/688"}],"wp:attachment":[{"href":"http:\/\/periodisme-dades.recursos.uoc.edu\/es\/wp-json\/wp\/v2\/media?parent=685"}],"curies":[{"name":"wp","href":"https:\/\/api.w.org\/{rel}","templated":true}]}}